{"id":1429,"date":"2015-07-21T12:53:20","date_gmt":"2015-07-21T09:53:20","guid":{"rendered":"http:\/\/dev.sonrisassanasnicaragua.com\/?page_id=1429"},"modified":"2019-04-17T17:19:51","modified_gmt":"2019-04-17T17:19:51","slug":"treatments-pediatric-dentistry","status":"publish","type":"page","link":"https:\/\/sonrisassanasnicaragua.com\/es\/treatments-pediatric-dentistry\/","title":{"rendered":"Odontopediatr\u00eda"},"content":{"rendered":"<div class=\"wpb-content-wrapper\"><div class=\"vc_row wpb_row vc_row-fluid\"><div class=\"wpb_column vc_column_container vc_col-sm-12\"><div class=\"vc_column-inner\"><div class=\"wpb_wrapper\"><div class=\"sc_section aligncenter\"><div class=\"sc_content content_wrap\"><h1 class=\"sc_title sc_title_regular\"><\/p>\n<p style=\"text-align: center;\">Odontopediatr\u00eda<\/p>\n<p><\/h1><figure class=\"sc_image  sc_image_shape_square\"><img decoding=\"async\" src=\"https:\/\/sonrisassanasnicaragua.com\/wp-content\/uploads\/2019\/04\/odontopediatria2.jpg\" alt=\"\" \/><\/figure><div class=\"vc_empty_space\"   style=\"height: 32px\"><span class=\"vc_empty_space_inner\"><\/span><\/div>\n\t<div class=\"wpb_text_column wpb_content_element\" >\n\t\t<div class=\"wpb_wrapper\">\n\t\t\t<p style=\"text-align: left;\"><span style=\"color: #333333;\">Cuidado y protecci\u00f3n desde ni\u00f1os\n\nLos ni\u00f1os y adolescentes necesitan una atenci\u00f3n diferente para poder guiarlos durante su crecimiento y desarrollo dental y \u00f3seo, ayud\u00e1ndolos a evitar problemas en el futuro; como mal posici\u00f3n de los dientes.<\/span><\/p>\n<p style=\"text-align: left;\"><span style=\"color: #333333;\">Es un paso muy importante hacia una buena salud general comenzar a tiempo un cuidado dental regular.<\/span><\/p>\n<p style=\"text-align: left;\"><span style=\"color: #333333;\">Recuerda que el tratamiento odontol\u00f3gico de los ni\u00f1os debe comenzar con el cuidado y prevenci\u00f3n a partir del primer a\u00f1o de vida.<\/span><\/p>\n<p style=\"text-align: left;\"><span style=\"color: #333333;\">En\u00a0<strong>Sonrisas Sanas<\/strong>\u00a0contamos con especialistas en ni\u00f1os.  Adem\u00e1s ofrecemos citas de adaptaci\u00f3n para que tu hijo tenga una experiencia positiva de ir al dentista que incluyen:<\/span><\/p>\n<ul>\n<li style=\"list-style-type: none;\">\n<ul class=\"list-arrowright\">\n<li style=\"text-align: left;\"><span style=\"color: #333333;\">Evaluaci\u00f3n por odont\u00f3logo<\/span><\/li>\n<li style=\"text-align: left;\"><span style=\"color: #333333;\">Educaci\u00f3n sobre h\u00e1bitos preventivos en el ni\u00f1o(a) (control de placa, evaluaci\u00f3n de la t\u00e9cnica de cepillado, hilo dental, enjuague, y educaci\u00f3n a sus padres)<\/span><\/li>\n<li style=\"text-align: left;\"><span style=\"color: #333333;\">Radiograf\u00edas (de ser necesarias)<\/span><\/li>\n<li style=\"text-align: left;\"><span style=\"color: #333333;\">Procedimientos de adaptaci\u00f3n al entorno: unidad odontol\u00f3gica, instrumentos, cepillado, pasta dental, fl\u00faor.<\/span><\/li>\n<li style=\"text-align: left;\"><span style=\"color: #333333;\">Fotos (de ser necesarias)<\/span><\/li>\n<li style=\"text-align: left;\"><span style=\"color: #333333;\">Limpieza profilaxis<\/span><\/li>\n<li style=\"text-align: left;\"><span style=\"color: #333333;\">Aplicaci\u00f3n de Fl\u00faor<\/span><\/li>\n<\/ul>\n<\/li>\n<\/ul>\n\n\t\t<\/div>\n\t<\/div>\n<div class=\"vc_empty_space\"   style=\"height: 62px\"><span class=\"vc_empty_space_inner\"><\/span><\/div><\/div><\/div><\/div><\/div><\/div><\/div>\n<\/div>","protected":false},"excerpt":{"rendered":"Pediatric Dentistry Kids and adolescents need a different kind of attention to guide them during the growth and development of their dental and bone structure, helping them avoid future problems such as bad dental positioning. An important step towards overall health starts with regular periodic dental care. Remember that children's dental treatment should start with [...]","protected":false},"author":1,"featured_media":0,"parent":0,"menu_order":0,"comment_status":"open","ping_status":"open","template":"","meta":{"_monsterinsights_skip_tracking":false,"_monsterinsights_sitenote_active":false,"_monsterinsights_sitenote_note":"","_monsterinsights_sitenote_category":0,"footnotes":""},"class_list":["post-1429","page","type-page","status-publish","hentry"],"_links":{"self":[{"href":"https:\/\/sonrisassanasnicaragua.com\/es\/wp-json\/wp\/v2\/pages\/1429","targetHints":{"allow":["GET"]}}],"collection":[{"href":"https:\/\/sonrisassanasnicaragua.com\/es\/wp-json\/wp\/v2\/pages"}],"about":[{"href":"https:\/\/sonrisassanasnicaragua.com\/es\/wp-json\/wp\/v2\/types\/page"}],"author":[{"embeddable":true,"href":"https:\/\/sonrisassanasnicaragua.com\/es\/wp-json\/wp\/v2\/users\/1"}],"replies":[{"embeddable":true,"href":"https:\/\/sonrisassanasnicaragua.com\/es\/wp-json\/wp\/v2\/comments?post=1429"}],"version-history":[{"count":4,"href":"https:\/\/sonrisassanasnicaragua.com\/es\/wp-json\/wp\/v2\/pages\/1429\/revisions"}],"predecessor-version":[{"id":2204,"href":"https:\/\/sonrisassanasnicaragua.com\/es\/wp-json\/wp\/v2\/pages\/1429\/revisions\/2204"}],"wp:attachment":[{"href":"https:\/\/sonrisassanasnicaragua.com\/es\/wp-json\/wp\/v2\/media?parent=1429"}],"curies":[{"name":"wp","href":"https:\/\/api.w.org\/{rel}","templated":true}]}}