{"id":1436,"date":"2015-07-21T14:48:22","date_gmt":"2015-07-21T11:48:22","guid":{"rendered":"http:\/\/dev.sonrisassanasnicaragua.com\/?page_id=1436"},"modified":"2019-04-17T17:17:12","modified_gmt":"2019-04-17T17:17:12","slug":"treatments-dental-implants","status":"publish","type":"page","link":"https:\/\/sonrisassanasnicaragua.com\/es\/treatments-dental-implants\/","title":{"rendered":"Implantes"},"content":{"rendered":"<div class=\"wpb-content-wrapper\"><div class=\"vc_row wpb_row vc_row-fluid\"><div class=\"wpb_column vc_column_container vc_col-sm-12\"><div class=\"vc_column-inner\"><div class=\"wpb_wrapper\"><div class=\"sc_section aligncenter\"><div class=\"sc_content content_wrap\"><h1 class=\"sc_title sc_title_regular\"><\/p>\n<p style=\"text-align: center;\">Dental\u00a0Implants<\/p>\n<p><\/h1><figure class=\"sc_image  sc_image_shape_square\"><img decoding=\"async\" src=\"https:\/\/sonrisassanasnicaragua.com\/wp-content\/uploads\/2019\/04\/implantes2.jpg\" alt=\"\" \/><\/figure><div class=\"vc_empty_space\"   style=\"height: 32px\"><span class=\"vc_empty_space_inner\"><\/span><\/div><\/div><\/div>\n\t<div class=\"wpb_text_column wpb_content_element\" >\n\t\t<div class=\"wpb_wrapper\">\n\t\t\t<p style=\"text-align: left;\"><span style=\"color: #000000;\">Cuando deseamos reponer un diente perdido un implante es una opci\u00f3n muy atractiva por sus beneficios y moderna.<\/span><\/p>\n<p style=\"text-align: left;\"><span style=\"color: #000000;\">La mejor manera de explicar que es un IMPLANTE es compararlo con un diente real. Un diente natural se compone de una ra\u00edz y una corona.  La parte del diente que podemos ver o utilizamos para comer es lo que llamamos corona. La ra\u00edz es la encargada de sujetar al diente a trav\u00e9s del hueso maxilar.\n\nCuando se pierde un diente, se pierde tanto la ra\u00edz como la corona. Para reemplazarlo con un implante dental es esencial una nueva ra\u00edz.  As\u00ed que los implantes dentales consisten en la colocaci\u00f3n de una ra\u00edz de titanio, el cual es un material que f\u00e1cilmente es aceptado por el cuerpo,  en el interior del hueso maxilar o mandibular por medio de una peque\u00f1a intervenci\u00f3n quir\u00fargica. Sobre esta base podemos colocar, posteriormente, una o m\u00e1s piezas dentales.<\/span><\/p>\n<p style=\"text-align: left;\"><span style=\"color: #000000;\">El principal beneficio es que podemos evitar que el paciente no utilice una pr\u00f3tesis removible, adem\u00e1s permite reponer las piezas (dientes) sin desgastar dientes vecinos como en un puente fijo.<\/span><\/p>\n<p style=\"text-align: left;\"><span style=\"color: #000000;\">En Sonrisas Sanas contamos con especialistas para realizar este procedimiento.<\/span><\/p>\n\n\t\t<\/div>\n\t<\/div>\n<div class=\"vc_empty_space\"   style=\"height: 62px\"><span class=\"vc_empty_space_inner\"><\/span><\/div><\/div><\/div><\/div><\/div>\n<\/div>","protected":false},"excerpt":{"rendered":"Dental\u00a0Implants When we want to replace a missing tooth, and implant is an attractive and modern option. The best way to explain what's an implant is by comparing it with a real tooth. A natural tooth is composed by a root and a crown. The part of the tooth that we can see and use [...]","protected":false},"author":1,"featured_media":0,"parent":0,"menu_order":0,"comment_status":"open","ping_status":"open","template":"","meta":{"_monsterinsights_skip_tracking":false,"_monsterinsights_sitenote_active":false,"_monsterinsights_sitenote_note":"","_monsterinsights_sitenote_category":0,"footnotes":""},"class_list":["post-1436","page","type-page","status-publish","hentry"],"_links":{"self":[{"href":"https:\/\/sonrisassanasnicaragua.com\/es\/wp-json\/wp\/v2\/pages\/1436","targetHints":{"allow":["GET"]}}],"collection":[{"href":"https:\/\/sonrisassanasnicaragua.com\/es\/wp-json\/wp\/v2\/pages"}],"about":[{"href":"https:\/\/sonrisassanasnicaragua.com\/es\/wp-json\/wp\/v2\/types\/page"}],"author":[{"embeddable":true,"href":"https:\/\/sonrisassanasnicaragua.com\/es\/wp-json\/wp\/v2\/users\/1"}],"replies":[{"embeddable":true,"href":"https:\/\/sonrisassanasnicaragua.com\/es\/wp-json\/wp\/v2\/comments?post=1436"}],"version-history":[{"count":4,"href":"https:\/\/sonrisassanasnicaragua.com\/es\/wp-json\/wp\/v2\/pages\/1436\/revisions"}],"predecessor-version":[{"id":2202,"href":"https:\/\/sonrisassanasnicaragua.com\/es\/wp-json\/wp\/v2\/pages\/1436\/revisions\/2202"}],"wp:attachment":[{"href":"https:\/\/sonrisassanasnicaragua.com\/es\/wp-json\/wp\/v2\/media?parent=1436"}],"curies":[{"name":"wp","href":"https:\/\/api.w.org\/{rel}","templated":true}]}}