{"id":1440,"date":"2015-07-21T14:50:44","date_gmt":"2015-07-21T11:50:44","guid":{"rendered":"http:\/\/dev.sonrisassanasnicaragua.com\/?page_id=1440"},"modified":"2019-04-17T17:27:49","modified_gmt":"2019-04-17T17:27:49","slug":"treatments-professional-tooth-whitening","status":"publish","type":"page","link":"https:\/\/sonrisassanasnicaragua.com\/es\/treatments-professional-tooth-whitening\/","title":{"rendered":"Blanqueamiento"},"content":{"rendered":"<div class=\"wpb-content-wrapper\"><div class=\"vc_row wpb_row vc_row-fluid\"><div class=\"wpb_column vc_column_container vc_col-sm-12\"><div class=\"vc_column-inner\"><div class=\"wpb_wrapper\"><div class=\"sc_section aligncenter\"><div class=\"sc_content content_wrap\"><h1 class=\"sc_title sc_title_regular\"><\/p>\n<p style=\"text-align: center;\">Blanqueamiento<\/p>\n<p><\/h1><figure class=\"sc_image  sc_image_shape_square\"><img decoding=\"async\" src=\"https:\/\/sonrisassanasnicaragua.com\/wp-content\/uploads\/2019\/04\/blanqueamiento2.jpg\" alt=\"\" \/><\/figure><div class=\"vc_empty_space\"   style=\"height: 32px\"><span class=\"vc_empty_space_inner\"><\/span><\/div><\/div>\n\t<div class=\"wpb_text_column wpb_content_element\" >\n\t\t<div class=\"wpb_wrapper\">\n\t\t\t<p style=\"text-align: left;\"><span style=\"color: #333333;\">Es un tratamiento dental est\u00e9tico  revolucionario  que logra reducir varios tonos el color original de las piezas dentales, dejando los dientes m\u00e1s blancos y brillasdasdantes. Las personas est\u00e1n mucho m\u00e1s interesadas en tener los dientes bonitos y muchas consideran que es una necesidad tanto para triunfar en la vida profesional como social. clinica dental nicaragua  clinica dental matagalpa\n\nEl blanqueamiento de los dientes permite eliminar la mayor\u00eda de las manchas producidas por medicamentos como las (tetraciclinas) o bien por causas extr\u00ednsecas como el t\u00e9, caf\u00e9 y otras infusiones, cigarrillos y vino tinto, entre otras sustancias y alimentos.<\/span><\/p>\n<p style=\"text-align: left;\"><span style=\"color: #333333;\"><strong>Blanqueamiento Dental  LED (l\u00e1ser ) en el consultorio<\/strong><\/span><\/p>\n<p style=\"text-align: left;\"><span style=\"color: #333333;\">En tan s\u00f3lo una cita, usted podr\u00e1 lucir una nueva y bella sonrisa. El procedimiento es sencillo e indoloro:<\/span><\/p>\n<ol style=\"text-align: left;\">\n<li><span style=\"color: #333333;\">Verificar el color inicial de los dientes con nuestra gu\u00eda de colores<\/span><\/li>\n<li><span style=\"color: #333333;\">colocamos un separador de labios y aplicamos un protector de enc\u00edas para que el el gel aclarante no entre en contacto con ella.<\/span><\/li>\n<li><span style=\"color: #333333;\">Aplicamos el gel y activamos el producto con luz led  el cual cambia a un color transparente indic\u00e1ndonos que ya ha actuado.<\/span><\/li>\n<li><span style=\"color: #333333;\">Retiramos el producto y lavamos.<\/span><\/li>\n<li><span style=\"color: #333333;\">Por \u00faltimo comparamos el color inicial, registrado con la gu\u00eda de colores y el color actual que presentan los dientes tratados.<\/span><\/li>\n<\/ol>\n<p style=\"text-align: left;\"><span style=\"color: #333333;\"><strong>\u00a0<\/strong><\/span><\/p>\n<p style=\"text-align: left;\"><span style=\"color: #333333;\"><strong>Blanqueamiento dental con f\u00e9rulas:<\/strong><\/span><\/p>\n<p style=\"text-align: left;\"><span style=\"color: #333333;\">Para esta t\u00e9cnica, se confeccionan unas cubetas especiales (f\u00e9rulas) donde se aplica el gel blanqueador y se colocan en los dientes por espacio de una hora aproximadamente. Al cabo de 6 sesiones ya se puede apreciar resultados.\nUsted escoga!<\/span><\/p>\n\n\t\t<\/div>\n\t<\/div>\n<\/div><div class=\"vc_empty_space\"   style=\"height: 62px\"><span class=\"vc_empty_space_inner\"><\/span><\/div><\/div><\/div><\/div><\/div>\n<\/div>","protected":false},"excerpt":{"rendered":"Professional Tooth Whitening Whitening is a revolutionary aesthetic treatment that reduces the color tone of your teeth by several shades, leaving your teeth whiter. Many people are interested in having beautiful white teeth and consider it a necessity for their social and professional lives.\u00a0Tooth whitening eliminates the majority of stains caused by medicine (tetracyclines), coffee, [...]","protected":false},"author":1,"featured_media":0,"parent":0,"menu_order":0,"comment_status":"open","ping_status":"open","template":"","meta":{"_monsterinsights_skip_tracking":false,"_monsterinsights_sitenote_active":false,"_monsterinsights_sitenote_note":"","_monsterinsights_sitenote_category":0,"footnotes":""},"class_list":["post-1440","page","type-page","status-publish","hentry"],"_links":{"self":[{"href":"https:\/\/sonrisassanasnicaragua.com\/es\/wp-json\/wp\/v2\/pages\/1440","targetHints":{"allow":["GET"]}}],"collection":[{"href":"https:\/\/sonrisassanasnicaragua.com\/es\/wp-json\/wp\/v2\/pages"}],"about":[{"href":"https:\/\/sonrisassanasnicaragua.com\/es\/wp-json\/wp\/v2\/types\/page"}],"author":[{"embeddable":true,"href":"https:\/\/sonrisassanasnicaragua.com\/es\/wp-json\/wp\/v2\/users\/1"}],"replies":[{"embeddable":true,"href":"https:\/\/sonrisassanasnicaragua.com\/es\/wp-json\/wp\/v2\/comments?post=1440"}],"version-history":[{"count":5,"href":"https:\/\/sonrisassanasnicaragua.com\/es\/wp-json\/wp\/v2\/pages\/1440\/revisions"}],"predecessor-version":[{"id":2208,"href":"https:\/\/sonrisassanasnicaragua.com\/es\/wp-json\/wp\/v2\/pages\/1440\/revisions\/2208"}],"wp:attachment":[{"href":"https:\/\/sonrisassanasnicaragua.com\/es\/wp-json\/wp\/v2\/media?parent=1440"}],"curies":[{"name":"wp","href":"https:\/\/api.w.org\/{rel}","templated":true}]}}