{"id":1853,"date":"2019-04-04T15:42:47","date_gmt":"2019-04-04T15:42:47","guid":{"rendered":"http:\/\/dev.sonrisassanasnicaragua.com\/?page_id=1853"},"modified":"2019-04-15T20:57:14","modified_gmt":"2019-04-15T20:57:14","slug":"our-office","status":"publish","type":"page","link":"https:\/\/sonrisassanasnicaragua.com\/es\/about\/our-office\/","title":{"rendered":"Instalaciones"},"content":{"rendered":"<div class=\"wpb-content-wrapper\"><div class=\"vc_row wpb_row vc_row-fluid\"><div class=\"wpb_column vc_column_container vc_col-sm-12\"><div class=\"vc_column-inner\"><div class=\"wpb_wrapper\"><div class=\"sc_section\"><div class=\"sc_content content_wrap\"><figure class=\"sc_image  sc_image_shape_square\"><img decoding=\"async\" src=\"https:\/\/sonrisassanasnicaragua.com\/wp-content\/uploads\/2019\/04\/clinic_sonrisas_sanas.png\" alt=\"\" \/><\/figure><\/div><\/div><div class=\"vc_empty_space\"   style=\"height: 32px\"><span class=\"vc_empty_space_inner\"><\/span><\/div><\/div><\/div><\/div><\/div><div class=\"vc_row wpb_row vc_row-fluid\"><div class=\"wpb_column vc_column_container vc_col-sm-12\"><div class=\"vc_column-inner\"><div class=\"wpb_wrapper\"><div class=\"sc_section\"><div class=\"sc_content content_wrap\">\n<div class=\"vc-zigzag-wrapper vc-zigzag-align-center\"><div class=\"vc-zigzag-inner\" style=\"width: 100%;min-height: 14px;background: 0 repeat-x url(&#039;data:image\/svg+xml;utf-8,%3C%3Fxml%20version%3D%221.0%22%20encoding%3D%22utf-8%22%3F%3E%3C%21DOCTYPE%20svg%20PUBLIC%20%22-%2F%2FW3C%2F%2FDTD%20SVG%201.1%2F%2FEN%22%20%22http%3A%2F%2Fwww.w3.org%2FGraphics%2FSVG%2F1.1%2FDTD%2Fsvg11.dtd%22%3E%3Csvg%20width%3D%2214px%22%20height%3D%2212px%22%20viewBox%3D%220%200%2018%2015%22%20version%3D%221.1%22%20xmlns%3D%22http%3A%2F%2Fwww.w3.org%2F2000%2Fsvg%22%20xmlns%3Axlink%3D%22http%3A%2F%2Fwww.w3.org%2F1999%2Fxlink%22%3E%3Cpolygon%20id%3D%22Combined-Shape%22%20fill%3D%22%23ebebeb%22%20points%3D%228.98762301%200%200%209.12771969%200%2014.519983%209%205.40479869%2018%2014.519983%2018%209.12771969%22%3E%3C%2Fpolygon%3E%3C%2Fsvg%3E&#039;);\"><\/div><\/div><div class=\"vc_empty_space\"   style=\"height: 32px\"><span class=\"vc_empty_space_inner\"><\/span><\/div>\n\t<div class=\"wpb_text_column wpb_content_element\" >\n\t\t<div class=\"wpb_wrapper\">\n\t\t\t<p><span style=\"color: #000000;\">Ubicado a una cuadra del Parque Dario en el centro de Matagalpa, Nicaragua, Cl\u00ednica Dental Sonrisas Sanas le ofrece la experiencia y el prestigio de una cl\u00ednica dental privada.<\/span><\/p>\n<p><span style=\"color: #000000;\">En\u00a0<strong>Sonrisas Sanas<\/strong>\u00a0utilizamos un equipo moderno, adem\u00e1s de garantizar la calidad y esterilizaci\u00f3n minuciosa de cada uno de los materiales a utilizar. Actualmente cuenta con un triple proceso de desinfecci\u00f3n profunda: utilizando un potente bactericida, un limpiador ultras\u00f3nico digital, adem\u00e1s de pasar todos los instrumentos por un moderno autoclave (vapor a altas temperaturas), garantizando el 100% de esterilizaci\u00f3n.<\/span><\/p>\n\n\t\t<\/div>\n\t<\/div>\n<\/div><\/div><div class=\"vc_empty_space\"   style=\"height: 50px\"><span class=\"vc_empty_space_inner\"><\/span><\/div><\/div><\/div><\/div><\/div><div class=\"vc_row wpb_row vc_row-fluid\"><div class=\"wpb_column vc_column_container vc_col-sm-12\"><div class=\"vc_column-inner\"><div class=\"wpb_wrapper\"><div class=\"sc_section\"><div class=\"sc_content content_wrap\"><div class=\"wpb_gallery wpb_content_element vc_clearfix wpb_content_element\" ><div class=\"wpb_wrapper\"><div class=\"wpb_gallery_slides wpb_image_grid\" data-interval=\"3\"><ul class=\"wpb_image_grid_ul\"><li class=\"isotope-item\"><a class=\"\" href=\"https:\/\/sonrisassanasnicaragua.com\/wp-content\/uploads\/2019\/04\/11-1024x511.jpg\" data-lightbox=\"lightbox[rel-1853-2299214016]\"><img loading=\"lazy\" decoding=\"async\" width=\"150\" height=\"150\" src=\"https:\/\/sonrisassanasnicaragua.com\/wp-content\/uploads\/2019\/04\/11-150x150.jpg\" class=\"attachment-thumbnail\" alt=\"\" title=\"11\" srcset=\"https:\/\/sonrisassanasnicaragua.com\/wp-content\/uploads\/2019\/04\/11-150x150.jpg 150w, https:\/\/sonrisassanasnicaragua.com\/wp-content\/uploads\/2019\/04\/11-750x750.jpg 750w, https:\/\/sonrisassanasnicaragua.com\/wp-content\/uploads\/2019\/04\/11-400x400.jpg 400w, https:\/\/sonrisassanasnicaragua.com\/wp-content\/uploads\/2019\/04\/11-250x250.jpg 250w, https:\/\/sonrisassanasnicaragua.com\/wp-content\/uploads\/2019\/04\/11-75x75.jpg 75w, https:\/\/sonrisassanasnicaragua.com\/wp-content\/uploads\/2019\/04\/11-300x300.jpg 300w, https:\/\/sonrisassanasnicaragua.com\/wp-content\/uploads\/2019\/04\/11-100x100.jpg 100w\" sizes=\"auto, (max-width: 150px) 100vw, 150px\" \/><\/a><\/li><li class=\"isotope-item\"><a class=\"\" href=\"https:\/\/sonrisassanasnicaragua.com\/wp-content\/uploads\/2019\/04\/22.png\" data-lightbox=\"lightbox[rel-1853-2299214016]\"><img loading=\"lazy\" decoding=\"async\" width=\"150\" height=\"150\" src=\"https:\/\/sonrisassanasnicaragua.com\/wp-content\/uploads\/2019\/04\/22-150x150.png\" class=\"attachment-thumbnail\" alt=\"\" title=\"22\" srcset=\"https:\/\/sonrisassanasnicaragua.com\/wp-content\/uploads\/2019\/04\/22-150x150.png 150w, https:\/\/sonrisassanasnicaragua.com\/wp-content\/uploads\/2019\/04\/22-400x400.png 400w, https:\/\/sonrisassanasnicaragua.com\/wp-content\/uploads\/2019\/04\/22-250x250.png 250w, https:\/\/sonrisassanasnicaragua.com\/wp-content\/uploads\/2019\/04\/22-75x75.png 75w, https:\/\/sonrisassanasnicaragua.com\/wp-content\/uploads\/2019\/04\/22-300x300.png 300w, https:\/\/sonrisassanasnicaragua.com\/wp-content\/uploads\/2019\/04\/22-100x100.png 100w\" sizes=\"auto, (max-width: 150px) 100vw, 150px\" \/><\/a><\/li><li class=\"isotope-item\"><a class=\"\" href=\"https:\/\/sonrisassanasnicaragua.com\/wp-content\/uploads\/2019\/04\/dental-clinic-reception.jpg\" data-lightbox=\"lightbox[rel-1853-2299214016]\"><img loading=\"lazy\" decoding=\"async\" width=\"150\" height=\"150\" src=\"https:\/\/sonrisassanasnicaragua.com\/wp-content\/uploads\/2019\/04\/dental-clinic-reception-150x150.jpg\" class=\"attachment-thumbnail\" alt=\"\" title=\"dental clinic reception\" srcset=\"https:\/\/sonrisassanasnicaragua.com\/wp-content\/uploads\/2019\/04\/dental-clinic-reception-150x150.jpg 150w, https:\/\/sonrisassanasnicaragua.com\/wp-content\/uploads\/2019\/04\/dental-clinic-reception-400x400.jpg 400w, https:\/\/sonrisassanasnicaragua.com\/wp-content\/uploads\/2019\/04\/dental-clinic-reception-250x250.jpg 250w, https:\/\/sonrisassanasnicaragua.com\/wp-content\/uploads\/2019\/04\/dental-clinic-reception-75x75.jpg 75w, https:\/\/sonrisassanasnicaragua.com\/wp-content\/uploads\/2019\/04\/dental-clinic-reception-300x300.jpg 300w, https:\/\/sonrisassanasnicaragua.com\/wp-content\/uploads\/2019\/04\/dental-clinic-reception-100x100.jpg 100w\" sizes=\"auto, (max-width: 150px) 100vw, 150px\" \/><\/a><\/li><li class=\"isotope-item\"><a class=\"\" href=\"https:\/\/sonrisassanasnicaragua.com\/wp-content\/uploads\/2019\/04\/dental-clinic-reception.png\" data-lightbox=\"lightbox[rel-1853-2299214016]\"><img loading=\"lazy\" decoding=\"async\" width=\"150\" height=\"150\" src=\"https:\/\/sonrisassanasnicaragua.com\/wp-content\/uploads\/2019\/04\/dental-clinic-reception-150x150.png\" class=\"attachment-thumbnail\" alt=\"\" title=\"dental clinic reception\" srcset=\"https:\/\/sonrisassanasnicaragua.com\/wp-content\/uploads\/2019\/04\/dental-clinic-reception-150x150.png 150w, https:\/\/sonrisassanasnicaragua.com\/wp-content\/uploads\/2019\/04\/dental-clinic-reception-400x400.png 400w, https:\/\/sonrisassanasnicaragua.com\/wp-content\/uploads\/2019\/04\/dental-clinic-reception-250x250.png 250w, https:\/\/sonrisassanasnicaragua.com\/wp-content\/uploads\/2019\/04\/dental-clinic-reception-75x75.png 75w, https:\/\/sonrisassanasnicaragua.com\/wp-content\/uploads\/2019\/04\/dental-clinic-reception-300x300.png 300w, https:\/\/sonrisassanasnicaragua.com\/wp-content\/uploads\/2019\/04\/dental-clinic-reception-100x100.png 100w\" sizes=\"auto, (max-width: 150px) 100vw, 150px\" \/><\/a><\/li><li class=\"isotope-item\"><a class=\"\" href=\"https:\/\/sonrisassanasnicaragua.com\/wp-content\/uploads\/2019\/04\/img_2549.jpg\" data-lightbox=\"lightbox[rel-1853-2299214016]\"><img loading=\"lazy\" decoding=\"async\" width=\"150\" height=\"150\" src=\"https:\/\/sonrisassanasnicaragua.com\/wp-content\/uploads\/2019\/04\/img_2549-150x150.jpg\" class=\"attachment-thumbnail\" alt=\"\" title=\"img_2549\" srcset=\"https:\/\/sonrisassanasnicaragua.com\/wp-content\/uploads\/2019\/04\/img_2549-150x150.jpg 150w, https:\/\/sonrisassanasnicaragua.com\/wp-content\/uploads\/2019\/04\/img_2549-250x250.jpg 250w, https:\/\/sonrisassanasnicaragua.com\/wp-content\/uploads\/2019\/04\/img_2549-75x75.jpg 75w, https:\/\/sonrisassanasnicaragua.com\/wp-content\/uploads\/2019\/04\/img_2549-300x300.jpg 300w, https:\/\/sonrisassanasnicaragua.com\/wp-content\/uploads\/2019\/04\/img_2549-100x100.jpg 100w\" sizes=\"auto, (max-width: 150px) 100vw, 150px\" \/><\/a><\/li><li class=\"isotope-item\"><a class=\"\" href=\"https:\/\/sonrisassanasnicaragua.com\/wp-content\/uploads\/2019\/04\/nueva-silla.jpg\" data-lightbox=\"lightbox[rel-1853-2299214016]\"><img loading=\"lazy\" decoding=\"async\" width=\"150\" height=\"150\" src=\"https:\/\/sonrisassanasnicaragua.com\/wp-content\/uploads\/2019\/04\/nueva-silla-150x150.jpg\" class=\"attachment-thumbnail\" alt=\"\" title=\"nueva silla\" srcset=\"https:\/\/sonrisassanasnicaragua.com\/wp-content\/uploads\/2019\/04\/nueva-silla-150x150.jpg 150w, https:\/\/sonrisassanasnicaragua.com\/wp-content\/uploads\/2019\/04\/nueva-silla-400x400.jpg 400w, https:\/\/sonrisassanasnicaragua.com\/wp-content\/uploads\/2019\/04\/nueva-silla-250x250.jpg 250w, https:\/\/sonrisassanasnicaragua.com\/wp-content\/uploads\/2019\/04\/nueva-silla-75x75.jpg 75w, https:\/\/sonrisassanasnicaragua.com\/wp-content\/uploads\/2019\/04\/nueva-silla-300x300.jpg 300w, https:\/\/sonrisassanasnicaragua.com\/wp-content\/uploads\/2019\/04\/nueva-silla-100x100.jpg 100w\" sizes=\"auto, (max-width: 150px) 100vw, 150px\" \/><\/a><\/li><li class=\"isotope-item\"><a class=\"\" href=\"https:\/\/sonrisassanasnicaragua.com\/wp-content\/uploads\/2019\/04\/sonrisas-sanas-nicaragua-2.png\" data-lightbox=\"lightbox[rel-1853-2299214016]\"><img loading=\"lazy\" decoding=\"async\" width=\"150\" height=\"150\" src=\"https:\/\/sonrisassanasnicaragua.com\/wp-content\/uploads\/2019\/04\/sonrisas-sanas-nicaragua-2-150x150.png\" class=\"attachment-thumbnail\" alt=\"\" title=\"sonrisas sanas nicaragua 2\" srcset=\"https:\/\/sonrisassanasnicaragua.com\/wp-content\/uploads\/2019\/04\/sonrisas-sanas-nicaragua-2-150x150.png 150w, https:\/\/sonrisassanasnicaragua.com\/wp-content\/uploads\/2019\/04\/sonrisas-sanas-nicaragua-2-250x250.png 250w, https:\/\/sonrisassanasnicaragua.com\/wp-content\/uploads\/2019\/04\/sonrisas-sanas-nicaragua-2-75x75.png 75w, https:\/\/sonrisassanasnicaragua.com\/wp-content\/uploads\/2019\/04\/sonrisas-sanas-nicaragua-2-100x100.png 100w\" sizes=\"auto, (max-width: 150px) 100vw, 150px\" \/><\/a><\/li><\/ul><\/div><\/div><\/div><\/div><\/div><div class=\"vc_empty_space\"   style=\"height: 60px\"><span class=\"vc_empty_space_inner\"><\/span><\/div><\/div><\/div><\/div><\/div>\n<\/div>","protected":false},"excerpt":{"rendered":"Located just one block from Dario park in the center of Matagalpa, Nicaragua, Dental Clinic Sonrisas Sanas offers the experience and prestige of a private, modern dental clinic. In\u00a0Sonrisas Sanas\u00a0we use modern equipment and guarantee quality and thorough sterilization of each instrument using a triple profound sterilization process that includes a potent bactericide, a digital [...]","protected":false},"author":1,"featured_media":0,"parent":246,"menu_order":0,"comment_status":"closed","ping_status":"closed","template":"page.php","meta":{"_monsterinsights_skip_tracking":false,"_monsterinsights_sitenote_active":false,"_monsterinsights_sitenote_note":"","_monsterinsights_sitenote_category":0,"footnotes":""},"class_list":["post-1853","page","type-page","status-publish","hentry"],"_links":{"self":[{"href":"https:\/\/sonrisassanasnicaragua.com\/es\/wp-json\/wp\/v2\/pages\/1853","targetHints":{"allow":["GET"]}}],"collection":[{"href":"https:\/\/sonrisassanasnicaragua.com\/es\/wp-json\/wp\/v2\/pages"}],"about":[{"href":"https:\/\/sonrisassanasnicaragua.com\/es\/wp-json\/wp\/v2\/types\/page"}],"author":[{"embeddable":true,"href":"https:\/\/sonrisassanasnicaragua.com\/es\/wp-json\/wp\/v2\/users\/1"}],"replies":[{"embeddable":true,"href":"https:\/\/sonrisassanasnicaragua.com\/es\/wp-json\/wp\/v2\/comments?post=1853"}],"version-history":[{"count":6,"href":"https:\/\/sonrisassanasnicaragua.com\/es\/wp-json\/wp\/v2\/pages\/1853\/revisions"}],"predecessor-version":[{"id":2213,"href":"https:\/\/sonrisassanasnicaragua.com\/es\/wp-json\/wp\/v2\/pages\/1853\/revisions\/2213"}],"up":[{"embeddable":true,"href":"https:\/\/sonrisassanasnicaragua.com\/es\/wp-json\/wp\/v2\/pages\/246"}],"wp:attachment":[{"href":"https:\/\/sonrisassanasnicaragua.com\/es\/wp-json\/wp\/v2\/media?parent=1853"}],"curies":[{"name":"wp","href":"https:\/\/api.w.org\/{rel}","templated":true}]}}