{"id":1915,"date":"2019-04-04T18:29:30","date_gmt":"2019-04-04T18:29:30","guid":{"rendered":"http:\/\/dev.sonrisassanasnicaragua.com\/?page_id=1915"},"modified":"2019-04-17T17:22:50","modified_gmt":"2019-04-17T17:22:50","slug":"treatments-periodontics","status":"publish","type":"page","link":"https:\/\/sonrisassanasnicaragua.com\/es\/treatments-periodontics\/","title":{"rendered":"Periodoncia"},"content":{"rendered":"<div class=\"wpb-content-wrapper\"><div class=\"vc_row wpb_row vc_row-fluid\"><div class=\"wpb_column vc_column_container vc_col-sm-12\"><div class=\"vc_column-inner\"><div class=\"wpb_wrapper\"><div class=\"sc_section aligncenter\"><div class=\"sc_content content_wrap\"><h1 class=\"sc_title sc_title_regular\"><\/p>\n<p style=\"text-align: center;\">Periodontics (gum care)<\/p>\n<p><\/h1><figure class=\"sc_image  sc_image_shape_square\"><img decoding=\"async\" src=\"https:\/\/sonrisassanasnicaragua.com\/wp-content\/uploads\/2019\/04\/periodoncia2.jpg\" alt=\"\" \/><\/figure><div class=\"vc_empty_space\"   style=\"height: 32px\"><span class=\"vc_empty_space_inner\"><\/span><\/div>\n\t<div class=\"wpb_text_column wpb_content_element\" >\n\t\t<div class=\"wpb_wrapper\">\n\t\t\t<p style=\"text-align: left;\"><span style=\"color: #333333;\">Las enfermedades de las enc\u00edas act\u00faan progresivamente comenzando, en la mayor\u00eda de los casos, con una inflamaci\u00f3n de las enc\u00edas (<strong>gingivitis<\/strong>) manifest\u00e1ndose con sangrado durante el cepillado y en forma espont\u00e1nea.<\/span><\/p>\n<p style=\"text-align: left;\"><span style=\"color: #333333;\">En estados avanzados tambi\u00e9n puede existir la presencia de c\u00e1lculos dentales, si la enfermedad persiste va lesionando al hueso\u00a0<strong>(<\/strong><strong>periodontitis),<\/strong>\u00a0de modo que los dientes van perdiendo tejido de soporte lo que conlleva a que se aflojen, pudiendo llegar en etapas m\u00e1s severas a la perdida de las piezas dentarias.<strong>\u00a0<\/strong><\/span><\/p>\n<p style=\"text-align: left;\"><span style=\"color: #333333;\">En\u00a0<strong>Sonrisas Sanas<\/strong>\u00a0se previene, diagnostica y se da tratamiento a las enfermedades de las enc\u00edas y tejidos de soporte de las piezas dentales. Adem\u00e1s contamos con un especialista en periodoncia.<\/span><\/p>\n\n\t\t<\/div>\n\t<\/div>\n<div class=\"vc_empty_space\"   style=\"height: 62px\"><span class=\"vc_empty_space_inner\"><\/span><\/div><\/div><\/div><\/div><\/div><\/div><\/div>\n<\/div>","protected":false},"excerpt":{"rendered":"Periodontics (gum care) Gum disease acts progressively, starting, in the majority of cases, with inflammation of the gums (gingivitis) manifesting in bleeding during brushing and also spontaneously. In advanced stages, poor gum care can lead to dental calculus, and bone wounds\u00a0(periodontitis),\u00a0causing loss of supporting tissue and tooth loss.\u00a0 In\u00a0Sonrisas Sanas\u00a0we have specialists that diagnose, prevent, [...]","protected":false},"author":1,"featured_media":0,"parent":0,"menu_order":0,"comment_status":"closed","ping_status":"closed","template":"","meta":{"_monsterinsights_skip_tracking":false,"_monsterinsights_sitenote_active":false,"_monsterinsights_sitenote_note":"","_monsterinsights_sitenote_category":0,"footnotes":""},"class_list":["post-1915","page","type-page","status-publish","hentry"],"_links":{"self":[{"href":"https:\/\/sonrisassanasnicaragua.com\/es\/wp-json\/wp\/v2\/pages\/1915","targetHints":{"allow":["GET"]}}],"collection":[{"href":"https:\/\/sonrisassanasnicaragua.com\/es\/wp-json\/wp\/v2\/pages"}],"about":[{"href":"https:\/\/sonrisassanasnicaragua.com\/es\/wp-json\/wp\/v2\/types\/page"}],"author":[{"embeddable":true,"href":"https:\/\/sonrisassanasnicaragua.com\/es\/wp-json\/wp\/v2\/users\/1"}],"replies":[{"embeddable":true,"href":"https:\/\/sonrisassanasnicaragua.com\/es\/wp-json\/wp\/v2\/comments?post=1915"}],"version-history":[{"count":2,"href":"https:\/\/sonrisassanasnicaragua.com\/es\/wp-json\/wp\/v2\/pages\/1915\/revisions"}],"predecessor-version":[{"id":2206,"href":"https:\/\/sonrisassanasnicaragua.com\/es\/wp-json\/wp\/v2\/pages\/1915\/revisions\/2206"}],"wp:attachment":[{"href":"https:\/\/sonrisassanasnicaragua.com\/es\/wp-json\/wp\/v2\/media?parent=1915"}],"curies":[{"name":"wp","href":"https:\/\/api.w.org\/{rel}","templated":true}]}}