{"id":1919,"date":"2019-04-04T18:34:18","date_gmt":"2019-04-04T18:34:18","guid":{"rendered":"http:\/\/dev.sonrisassanasnicaragua.com\/?page_id=1919"},"modified":"2019-04-17T17:20:30","modified_gmt":"2019-04-17T17:20:30","slug":"treatments-oral-and-maxillofacial-surgery","status":"publish","type":"page","link":"https:\/\/sonrisassanasnicaragua.com\/es\/treatments-oral-and-maxillofacial-surgery\/","title":{"rendered":"Cirug\u00eda Oral y Maxilofacial"},"content":{"rendered":"<div class=\"wpb-content-wrapper\"><div class=\"vc_row wpb_row vc_row-fluid\"><div class=\"wpb_column vc_column_container vc_col-sm-12\"><div class=\"vc_column-inner\"><div class=\"wpb_wrapper\"><div class=\"sc_section aligncenter\"><div class=\"sc_content content_wrap\"><h1 class=\"sc_title sc_title_regular\"><\/p>\n<p style=\"text-align: center;\">Cirug\u00eda Oral y Maxilofacial<\/p>\n<p><\/h1><figure class=\"sc_image  sc_image_shape_square\"><img decoding=\"async\" src=\"https:\/\/sonrisassanasnicaragua.com\/wp-content\/uploads\/2019\/04\/cirugia-oral3333.jpg\" alt=\"\" \/><\/figure><div class=\"vc_empty_space\"   style=\"height: 32px\"><span class=\"vc_empty_space_inner\"><\/span><\/div>\n\t<div class=\"wpb_text_column wpb_content_element\" >\n\t\t<div class=\"wpb_wrapper\">\n\t\t\t<p style=\"text-align: left;\"><span style=\"color: #333333;\">Se podr\u00eda definir a la cirug\u00eda maxilofacial como \u201cla cirug\u00eda pl\u00e1stica de la cavidad oral\u201d.  Esta incluye diagn\u00f3stico, tratamiento quir\u00fargico de las alteraciones, enfermedades y traumas. Adem\u00e1s alteraciones est\u00e9ticas y funcionales del tejido duro y blanco de la regi\u00f3n oral y maxilofacial. \n\nLos tratamientos se refieren a:<\/span><\/p>\n<ul>\n<li style=\"text-align: left;\"><span style=\"color: #333333;\">\u00a0Extracci\u00f3n quir\u00fargica de terceros molares (muelas del juicio)<\/span><\/li>\n<li style=\"text-align: left;\"><span style=\"color: #333333;\">Extracci\u00f3n quir\u00fargica de terceros molares (muelas del juicio)<\/span><\/li>\n<li style=\"text-align: left;\"><span style=\"color: #333333;\">Colocaci\u00f3n de implantes dentales<\/span><\/li>\n<li style=\"text-align: left;\"><span style=\"color: #333333;\">Manejo quir\u00fargico de injertos \u00f3seos<\/span><\/li>\n<li style=\"text-align: left;\"><span style=\"color: #333333;\">Trauma y fracturas faciales<\/span><\/li>\n<li style=\"text-align: left;\"><span style=\"color: #333333;\">Cirug\u00eda ortogn\u00e1tica (cirug\u00eda y ortodoncia)<\/span><\/li>\n<li style=\"text-align: left;\"><span style=\"color: #333333;\">Patolog\u00eda en la regi\u00f3n oral y maxilofacial<\/span><\/li>\n<li style=\"text-align: left;\"><span style=\"color: #333333;\">Biopsias<\/span><\/li>\n<\/ul>\n\n\t\t<\/div>\n\t<\/div>\n<div class=\"vc_empty_space\"   style=\"height: 62px\"><span class=\"vc_empty_space_inner\"><\/span><\/div><\/div><\/div><\/div><\/div><\/div><\/div>\n<\/div>","protected":false},"excerpt":{"rendered":"Oral and Maxillofacial Surgery Maxillofacial surgery can be defined as \"oral plastic surgery.\" In addition to aesthetic and functional alterations to the hard and soft oral tissue, treatments include the following: \u00a0Wisdom tooth extraction Wisdom tooth extraction Dental implant placement Bone graft surgery Facial trauma y fractures Orthognathic surgery Pathology in the oral region Biopsies","protected":false},"author":1,"featured_media":0,"parent":0,"menu_order":0,"comment_status":"closed","ping_status":"closed","template":"","meta":{"_monsterinsights_skip_tracking":false,"_monsterinsights_sitenote_active":false,"_monsterinsights_sitenote_note":"","_monsterinsights_sitenote_category":0,"footnotes":""},"class_list":["post-1919","page","type-page","status-publish","hentry"],"_links":{"self":[{"href":"https:\/\/sonrisassanasnicaragua.com\/es\/wp-json\/wp\/v2\/pages\/1919","targetHints":{"allow":["GET"]}}],"collection":[{"href":"https:\/\/sonrisassanasnicaragua.com\/es\/wp-json\/wp\/v2\/pages"}],"about":[{"href":"https:\/\/sonrisassanasnicaragua.com\/es\/wp-json\/wp\/v2\/types\/page"}],"author":[{"embeddable":true,"href":"https:\/\/sonrisassanasnicaragua.com\/es\/wp-json\/wp\/v2\/users\/1"}],"replies":[{"embeddable":true,"href":"https:\/\/sonrisassanasnicaragua.com\/es\/wp-json\/wp\/v2\/comments?post=1919"}],"version-history":[{"count":2,"href":"https:\/\/sonrisassanasnicaragua.com\/es\/wp-json\/wp\/v2\/pages\/1919\/revisions"}],"predecessor-version":[{"id":2205,"href":"https:\/\/sonrisassanasnicaragua.com\/es\/wp-json\/wp\/v2\/pages\/1919\/revisions\/2205"}],"wp:attachment":[{"href":"https:\/\/sonrisassanasnicaragua.com\/es\/wp-json\/wp\/v2\/media?parent=1919"}],"curies":[{"name":"wp","href":"https:\/\/api.w.org\/{rel}","templated":true}]}}