{"id":1923,"date":"2019-04-04T18:38:47","date_gmt":"2019-04-04T18:38:47","guid":{"rendered":"http:\/\/dev.sonrisassanasnicaragua.com\/?page_id=1923"},"modified":"2019-04-17T17:26:54","modified_gmt":"2019-04-17T17:26:54","slug":"treatments-preventative-dentistry","status":"publish","type":"page","link":"https:\/\/sonrisassanasnicaragua.com\/es\/treatments-preventative-dentistry\/","title":{"rendered":"Prevenci\u00f3n en Salud Bucal"},"content":{"rendered":"<div class=\"wpb-content-wrapper\"><div class=\"vc_row wpb_row vc_row-fluid\"><div class=\"wpb_column vc_column_container vc_col-sm-12\"><div class=\"vc_column-inner\"><div class=\"wpb_wrapper\"><div class=\"sc_section aligncenter\"><div class=\"sc_content content_wrap\"><h1 class=\"sc_title sc_title_regular\"><\/p>\n<p style=\"text-align: center;\">Prevenci\u00f3n en Salud Bucal<\/p>\n<p><\/h1><figure class=\"sc_image  sc_image_shape_square\"><img decoding=\"async\" src=\"https:\/\/sonrisassanasnicaragua.com\/wp-content\/uploads\/2019\/04\/odontologia-preventiva.jpg\" alt=\"\" \/><\/figure><div class=\"vc_empty_space\"   style=\"height: 32px\"><span class=\"vc_empty_space_inner\"><\/span><\/div>\n\t<div class=\"wpb_text_column wpb_content_element\" >\n\t\t<div class=\"wpb_wrapper\">\n\t\t\t<p style=\"text-align: left;\"><span style=\"color: #333333;\">En\u00a0<strong>Sonrisas Sanas<\/strong>\u00a0te ofrece tratamientos para prevenir y conservar en \u00f3ptimo estado tu salud bucal. Contamos con un \u00e1rea designada espec\u00edficamente para la prevenci\u00f3n y educaci\u00f3n dental con t\u00e9cnicas y procedimientos como:<\/span><\/p>\n<ul style=\"text-align: left;\">\n<li><span style=\"color: #333333;\">Educaci\u00f3n en salud oral<\/span><\/li>\n<li><span style=\"color: #333333;\">Instrucci\u00f3n en t\u00e9cnicas de cepillado y uso de hilo dental<\/span><\/li>\n<li><span style=\"color: #333333;\">Profilaxis dental (elimina placa bacteriana y realiza un pulido de dientes)<\/span><\/li>\n<li><span style=\"color: #333333;\">Detecci\u00f3n temprana de enfermedades de tejidos blandos (enc\u00edas, lengua, carillos, etc) y tejidos duros (dientes, hueso).<\/span><\/li>\n<li><span style=\"color: #333333;\">Instrucciones en el uso de enjuagues antis\u00e9pticos<\/span><\/li>\n<li><span style=\"color: #333333;\">Instrucciones y aplicaciones de fluoruros y de medicamentos remineralizantes<\/span><\/li>\n<li><span style=\"color: #333333;\">Aplicaci\u00f3n de sellantes de fosas y fisuras (que son capas protectoras para evitar las caries)<\/span><\/li>\n<\/ul>\n<p style=\"text-align: left;\"><span style=\"color: #333333;\"><strong>Una limpieza dental profesional\u00a0<\/strong>evita la caries, el mal aliento y la p\u00e9rdida de piezas dentales.<\/span><\/p>\n<p style=\"text-align: left;\"><span style=\"color: #333333;\">La Profilaxis se realiza en 4 fases a efectuar en una misma cita de aproximadamente 40 minutos:<\/span><\/p>\n<p style=\"text-align: left;\"><span style=\"color: #333333;\">At\u00a0<strong>Sonrisas Sanas<\/strong>\u00a0we use the following procedures for the professional dental cleaning:<\/span><\/p>\n<ul style=\"text-align: left;\">\n<li><span style=\"color: #333333;\">Eliminaci\u00f3n del sarro dental por medio de ultrasonidos<\/span><\/li>\n<li><span style=\"color: #333333;\">Remoci\u00f3n de manchas dentales y pulido especializado con pasta abrasiva.<\/span><\/li>\n<li><span style=\"color: #333333;\">Eliminaci\u00f3n profunda de la placa dentobacteriana con el sistema a base de bicarbonato de sodio a presi\u00f3n (Profiyet)<\/span><\/li>\n<li><span style=\"color: #333333;\">Una prueba de placa para ense\u00f1arle donde se est\u00e1 acumulando la placa en su boca<\/span><\/li>\n<\/ul>\n<div style=\"text-align: left;\" align=\"justify\"><\/div>\n\n\t\t<\/div>\n\t<\/div>\n<div class=\"vc_empty_space\"   style=\"height: 62px\"><span class=\"vc_empty_space_inner\"><\/span><\/div><\/div><\/div><\/div><\/div><\/div><\/div>\n<\/div>","protected":false},"excerpt":{"rendered":"Preventative Dentistry In\u00a0Sonrisas Sanas\u00a0we offer treatments to conserve the optimal state of your oral health. We have an area specifically designed for prevention and dental education with techniques such as: Oral health care education Instruction on proper brushing and flossing Prophylaxis\/ cleaning Early detection of soft tissue diseases (gum, tongue, cheek) and hard tissue disease [...]","protected":false},"author":1,"featured_media":0,"parent":0,"menu_order":0,"comment_status":"closed","ping_status":"closed","template":"","meta":{"_monsterinsights_skip_tracking":false,"_monsterinsights_sitenote_active":false,"_monsterinsights_sitenote_note":"","_monsterinsights_sitenote_category":0,"footnotes":""},"class_list":["post-1923","page","type-page","status-publish","hentry"],"_links":{"self":[{"href":"https:\/\/sonrisassanasnicaragua.com\/es\/wp-json\/wp\/v2\/pages\/1923","targetHints":{"allow":["GET"]}}],"collection":[{"href":"https:\/\/sonrisassanasnicaragua.com\/es\/wp-json\/wp\/v2\/pages"}],"about":[{"href":"https:\/\/sonrisassanasnicaragua.com\/es\/wp-json\/wp\/v2\/types\/page"}],"author":[{"embeddable":true,"href":"https:\/\/sonrisassanasnicaragua.com\/es\/wp-json\/wp\/v2\/users\/1"}],"replies":[{"embeddable":true,"href":"https:\/\/sonrisassanasnicaragua.com\/es\/wp-json\/wp\/v2\/comments?post=1923"}],"version-history":[{"count":2,"href":"https:\/\/sonrisassanasnicaragua.com\/es\/wp-json\/wp\/v2\/pages\/1923\/revisions"}],"predecessor-version":[{"id":2207,"href":"https:\/\/sonrisassanasnicaragua.com\/es\/wp-json\/wp\/v2\/pages\/1923\/revisions\/2207"}],"wp:attachment":[{"href":"https:\/\/sonrisassanasnicaragua.com\/es\/wp-json\/wp\/v2\/media?parent=1923"}],"curies":[{"name":"wp","href":"https:\/\/api.w.org\/{rel}","templated":true}]}}