{"id":1927,"date":"2019-04-04T18:43:16","date_gmt":"2019-04-04T18:43:16","guid":{"rendered":"http:\/\/dev.sonrisassanasnicaragua.com\/?page_id=1927"},"modified":"2019-04-17T17:29:10","modified_gmt":"2019-04-17T17:29:10","slug":"restorative-dentistry","status":"publish","type":"page","link":"https:\/\/sonrisassanasnicaragua.com\/es\/restorative-dentistry\/","title":{"rendered":"Rehabilitaci\u00f3n Oral"},"content":{"rendered":"<div class=\"wpb-content-wrapper\"><div class=\"vc_row wpb_row vc_row-fluid\"><div class=\"wpb_column vc_column_container vc_col-sm-12\"><div class=\"vc_column-inner\"><div class=\"wpb_wrapper\"><div class=\"sc_section aligncenter\"><div class=\"sc_content content_wrap\"><h1 class=\"sc_title sc_title_regular\"><\/p>\n<p style=\"text-align: center;\">Rehabilitaci\u00f3n Oral<\/p>\n<p><\/h1><figure class=\"sc_image  sc_image_shape_square\"><img decoding=\"async\" src=\"https:\/\/sonrisassanasnicaragua.com\/wp-content\/uploads\/2019\/04\/rehabilitacion-oral.jpg\" alt=\"\" \/><\/figure><div class=\"vc_empty_space\"   style=\"height: 32px\"><span class=\"vc_empty_space_inner\"><\/span><\/div>\n\t<div class=\"wpb_text_column wpb_content_element\" >\n\t\t<div class=\"wpb_wrapper\">\n\t\t\t<p style=\"text-align: left;\"><span style=\"color: #333333;\">Durante el transcurso de la vida, existe la posibilidad de perder uno o varios dientes ya sea por caries, enfermedades en las enc\u00edas, o accidentes. En estos casos la rehabilitaci\u00f3n oral se encarga de sustituir los dientes por medio de restauraciones fijas o removibles, de acuerdo a cada caso.\n\nLa odontolog\u00eda restaurativa es la encargada de corregir las alteraciones de los dientes y devolverles su forma, funci\u00f3n y est\u00e9tica. Las alteraciones en los dientes pueden ser por enfermedades, factores hereditarios, caries dental o por trauma.<\/span><\/p>\n<p style=\"text-align: left;\"><span style=\"color: #333333;\">En\u00a0<strong>Sonrisas Sanas<\/strong>\u00a0te brindamos todos los servicios para restaurar cada pieza y devolverte una\u00a0<strong>SONRISA SALUDABLE.<\/strong><\/span><\/p>\n\n\t\t<\/div>\n\t<\/div>\n<div class=\"vc_empty_space\"   style=\"height: 62px\"><span class=\"vc_empty_space_inner\"><\/span><\/div><\/div><\/div><\/div><\/div><\/div><\/div>\n<\/div>","protected":false},"excerpt":{"rendered":"Restorative Dentistry During your lifetime there's a possibility of losing one or several teeth due to caries, gum disease, accidents, or hereditary problems. In these cases, restorative dentistry can replace those teeth through fixed or removable restorations or prosthesis.\u00a0Restorative dentistry is able to correct dental alterations and restore your teeth to their natural form, function, [...]","protected":false},"author":1,"featured_media":0,"parent":0,"menu_order":0,"comment_status":"closed","ping_status":"closed","template":"","meta":{"_monsterinsights_skip_tracking":false,"_monsterinsights_sitenote_active":false,"_monsterinsights_sitenote_note":"","_monsterinsights_sitenote_category":0,"footnotes":""},"class_list":["post-1927","page","type-page","status-publish","hentry"],"_links":{"self":[{"href":"https:\/\/sonrisassanasnicaragua.com\/es\/wp-json\/wp\/v2\/pages\/1927","targetHints":{"allow":["GET"]}}],"collection":[{"href":"https:\/\/sonrisassanasnicaragua.com\/es\/wp-json\/wp\/v2\/pages"}],"about":[{"href":"https:\/\/sonrisassanasnicaragua.com\/es\/wp-json\/wp\/v2\/types\/page"}],"author":[{"embeddable":true,"href":"https:\/\/sonrisassanasnicaragua.com\/es\/wp-json\/wp\/v2\/users\/1"}],"replies":[{"embeddable":true,"href":"https:\/\/sonrisassanasnicaragua.com\/es\/wp-json\/wp\/v2\/comments?post=1927"}],"version-history":[{"count":2,"href":"https:\/\/sonrisassanasnicaragua.com\/es\/wp-json\/wp\/v2\/pages\/1927\/revisions"}],"predecessor-version":[{"id":2209,"href":"https:\/\/sonrisassanasnicaragua.com\/es\/wp-json\/wp\/v2\/pages\/1927\/revisions\/2209"}],"wp:attachment":[{"href":"https:\/\/sonrisassanasnicaragua.com\/es\/wp-json\/wp\/v2\/media?parent=1927"}],"curies":[{"name":"wp","href":"https:\/\/api.w.org\/{rel}","templated":true}]}}