{"id":2,"date":"2015-05-26T08:40:18","date_gmt":"2015-05-26T08:40:18","guid":{"rendered":"http:\/\/dev.sonrisassanasnicaragua.com\/?page_id=2"},"modified":"2019-04-17T17:18:37","modified_gmt":"2019-04-17T17:18:37","slug":"treatments-orthodontics","status":"publish","type":"page","link":"https:\/\/sonrisassanasnicaragua.com\/es\/treatments-orthodontics\/","title":{"rendered":"Ortodoncia"},"content":{"rendered":"<div class=\"wpb-content-wrapper\"><div class=\"vc_row wpb_row vc_row-fluid\"><div class=\"wpb_column vc_column_container vc_col-sm-12\"><div class=\"vc_column-inner\"><div class=\"wpb_wrapper\"><div class=\"sc_section aligncenter\"><div class=\"sc_content content_wrap\"><h1 class=\"sc_title sc_title_regular\"><\/p>\n<p style=\"text-align: center;\">Ortodoncia<\/p>\n<p><\/h1><figure class=\"sc_image  sc_image_shape_square\"><img decoding=\"async\" src=\"https:\/\/sonrisassanasnicaragua.com\/wp-content\/uploads\/2019\/04\/ortodoncia1.jpg\" alt=\"\" \/><\/figure><div class=\"vc_empty_space\"   style=\"height: 32px\"><span class=\"vc_empty_space_inner\"><\/span><\/div>\n\t<div class=\"wpb_text_column wpb_content_element\" >\n\t\t<div class=\"wpb_wrapper\">\n\t\t\t<p style=\"text-align: left;\"><span style=\"color: #333333;\">Algunas veces nuestros dientes no se encuentran en la ubicaci\u00f3n y con armon\u00eda en nuestra boca. La ortodoncia es la especializada de la odontolog\u00eda que se encarga de la correcci\u00f3n de las mal-posiciones dentarias y de los huesos maxilares (oseas), adem\u00e1s ayuda a mantener una boca sana. No cabe duda que una amplia y agradable sonrisa es la mejor tarjeta de presentaci\u00f3n en cualquier circunstancia.<\/span><\/p>\n<p style=\"text-align: left;\"><span style=\"color: #333333;\"><strong>\u00bfCu\u00e1les son los beneficios del tratamiento de ortodoncia?\u00a0<\/strong><\/span><\/p>\n<p style=\"text-align: left;\"><span style=\"color: #333333;\">Su ventaja es que nos garantiza una boca sana, una sonrisa agradable y unos dientes con mayor posibilidad de durar toda la vida. El tratamiento puede oscilar entre 12 y 24 meses aproximadamente, pero cada persona es diferente, por lo tanto para determinar con exactitud es necesario consultar con su ortodoncista; adem\u00e1s, el tiempo de tratamiento depende tambi\u00e9n de la colaboraci\u00f3n del paciente en cuanto al cuidado de los aparatos y su asistencia puntual a las citas.<\/span><\/p>\n<p style=\"text-align: left;\"><span style=\"color: #333333;\">Es importante prevenir el problema, de lo contrario presentar\u00e1 enfermedades en las enc\u00edas por no poder cepillarse correctamente; problemas digestivos y de articulaci\u00f3n al no morder adecuadamente, crecimiento asim\u00e9trico en ni\u00f1os y adolescentes debido a un h\u00e1bito como chuparse el dedo, y tener mal aliento, conocido como halitosis.<\/span><\/p>\n\n\t\t<\/div>\n\t<\/div>\n<div class=\"vc_empty_space\"   style=\"height: 62px\"><span class=\"vc_empty_space_inner\"><\/span><\/div><\/div><\/div><\/div><\/div><\/div><\/div>\n<\/div>","protected":false},"excerpt":{"rendered":"Orthodontics Sometimes our teeth are out of place and harmony with our mouth. Orthodontics is the specialty referred to correcting bad tooth and maxillary bone positioning, helping maintain a healthy mouth. Don't forget that a large and healthy smile is the best business card in any circumstance. What are the benefits of orthodontic treatment?\u00a0 The [...]","protected":false},"author":1,"featured_media":0,"parent":0,"menu_order":0,"comment_status":"open","ping_status":"open","template":"","meta":{"_monsterinsights_skip_tracking":false,"_monsterinsights_sitenote_active":false,"_monsterinsights_sitenote_note":"","_monsterinsights_sitenote_category":0,"footnotes":""},"class_list":["post-2","page","type-page","status-publish","hentry"],"_links":{"self":[{"href":"https:\/\/sonrisassanasnicaragua.com\/es\/wp-json\/wp\/v2\/pages\/2","targetHints":{"allow":["GET"]}}],"collection":[{"href":"https:\/\/sonrisassanasnicaragua.com\/es\/wp-json\/wp\/v2\/pages"}],"about":[{"href":"https:\/\/sonrisassanasnicaragua.com\/es\/wp-json\/wp\/v2\/types\/page"}],"author":[{"embeddable":true,"href":"https:\/\/sonrisassanasnicaragua.com\/es\/wp-json\/wp\/v2\/users\/1"}],"replies":[{"embeddable":true,"href":"https:\/\/sonrisassanasnicaragua.com\/es\/wp-json\/wp\/v2\/comments?post=2"}],"version-history":[{"count":3,"href":"https:\/\/sonrisassanasnicaragua.com\/es\/wp-json\/wp\/v2\/pages\/2\/revisions"}],"predecessor-version":[{"id":2203,"href":"https:\/\/sonrisassanasnicaragua.com\/es\/wp-json\/wp\/v2\/pages\/2\/revisions\/2203"}],"wp:attachment":[{"href":"https:\/\/sonrisassanasnicaragua.com\/es\/wp-json\/wp\/v2\/media?parent=2"}],"curies":[{"name":"wp","href":"https:\/\/api.w.org\/{rel}","templated":true}]}}