{"id":2177,"date":"2019-04-13T19:42:27","date_gmt":"2019-04-13T19:42:27","guid":{"rendered":"https:\/\/sonrisassanasnicaragua.com\/?page_id=2177"},"modified":"2019-04-17T17:30:24","modified_gmt":"2019-04-17T17:30:24","slug":"treatments-root-canal","status":"publish","type":"page","link":"https:\/\/sonrisassanasnicaragua.com\/es\/treatments-root-canal\/","title":{"rendered":"Endodoncia"},"content":{"rendered":"<div class=\"wpb-content-wrapper\"><div class=\"vc_row wpb_row vc_row-fluid\"><div class=\"wpb_column vc_column_container vc_col-sm-12\"><div class=\"vc_column-inner\"><div class=\"wpb_wrapper\"><div class=\"sc_section aligncenter\"><div class=\"sc_content content_wrap\"><h1 class=\"sc_title sc_title_regular\"><\/p>\n<p style=\"text-align: center;\">Endodoncia<\/p>\n<p><\/h1><figure class=\"sc_image  sc_image_shape_square\"><img decoding=\"async\" src=\"https:\/\/sonrisassanasnicaragua.com\/wp-content\/uploads\/2019\/04\/endodoncia.jpg\" alt=\"\" \/><\/figure><div class=\"vc_empty_space\"   style=\"height: 32px\"><span class=\"vc_empty_space_inner\"><\/span><\/div>\n\t<div class=\"wpb_text_column wpb_content_element\" >\n\t\t<div class=\"wpb_wrapper\">\n\t\t\t<p style=\"text-align: left;\"><span style=\"color: #333333;\">El terrible dolor de la muela y las mejillas inflamadas por una infecci\u00f3n, en muchos casos es a causa de una enfermedad en la pulpa dental (nervio).<\/span><\/p>\n<p style=\"text-align: left;\"><span style=\"color: #333333;\"><strong>\u00bfPor qu\u00e9 se enferma la pulpa dental?\u00a0<\/strong>Entre las causas m\u00e1s frecuentes de enfermedad pulpar podemos citar:<\/span><\/p>\n<ul style=\"text-align: left;\">\n<li><span style=\"color: #333333;\">La caries dental (muy profundas)<\/span><\/li>\n<li><span style=\"color: #333333;\">Los traumatismos<\/span><\/li>\n<li><span style=\"color: #333333;\">El efecto acumulativo de distintos procedimientos<\/span><\/li>\n<\/ul>\n<p style=\"text-align: left;\"><span style=\"color: #333333;\">El tratamiento de conductos o endodoncia, root canal en ingles, consiste en la remoci\u00f3n del tejido pulpar afectado, utilizando instrumentos y soluciones antis\u00e9pticas, preparando los conductos radiculares para sellar por completo el conducto radicular y evitar una re-infecci\u00f3n.<\/span><\/p>\n\n\t\t<\/div>\n\t<\/div>\n<\/div><\/div><div class=\"vc_empty_space\"   style=\"height: 62px\"><span class=\"vc_empty_space_inner\"><\/span><\/div><\/div><\/div><\/div><\/div>\n<\/div>","protected":false},"excerpt":{"rendered":"Root Canal The terrible tooth ache and inflamed cheeks due to infection is, in many cases, caused by diseased dental pulp (nerve). Why does dental pulp become infected?\u00a0The most frequent causes are: Profound dental caries Dental traumas Cumulative effects of distinct procedures A root canal consists of the removal of the affected pulp tissue using [...]","protected":false},"author":1,"featured_media":0,"parent":0,"menu_order":0,"comment_status":"closed","ping_status":"closed","template":"","meta":{"_monsterinsights_skip_tracking":false,"_monsterinsights_sitenote_active":false,"_monsterinsights_sitenote_note":"","_monsterinsights_sitenote_category":0,"footnotes":""},"class_list":["post-2177","page","type-page","status-publish","hentry"],"_links":{"self":[{"href":"https:\/\/sonrisassanasnicaragua.com\/es\/wp-json\/wp\/v2\/pages\/2177","targetHints":{"allow":["GET"]}}],"collection":[{"href":"https:\/\/sonrisassanasnicaragua.com\/es\/wp-json\/wp\/v2\/pages"}],"about":[{"href":"https:\/\/sonrisassanasnicaragua.com\/es\/wp-json\/wp\/v2\/types\/page"}],"author":[{"embeddable":true,"href":"https:\/\/sonrisassanasnicaragua.com\/es\/wp-json\/wp\/v2\/users\/1"}],"replies":[{"embeddable":true,"href":"https:\/\/sonrisassanasnicaragua.com\/es\/wp-json\/wp\/v2\/comments?post=2177"}],"version-history":[{"count":2,"href":"https:\/\/sonrisassanasnicaragua.com\/es\/wp-json\/wp\/v2\/pages\/2177\/revisions"}],"predecessor-version":[{"id":2210,"href":"https:\/\/sonrisassanasnicaragua.com\/es\/wp-json\/wp\/v2\/pages\/2177\/revisions\/2210"}],"wp:attachment":[{"href":"https:\/\/sonrisassanasnicaragua.com\/es\/wp-json\/wp\/v2\/media?parent=2177"}],"curies":[{"name":"wp","href":"https:\/\/api.w.org\/{rel}","templated":true}]}}