{"id":246,"date":"2015-06-05T12:40:15","date_gmt":"2015-06-05T12:40:15","guid":{"rendered":"http:\/\/dev.sonrisassanasnicaragua.com\/?page_id=246"},"modified":"2019-04-17T20:06:59","modified_gmt":"2019-04-17T20:06:59","slug":"about","status":"publish","type":"page","link":"https:\/\/sonrisassanasnicaragua.com\/es\/about\/","title":{"rendered":"Nosotros"},"content":{"rendered":"<div class=\"wpb-content-wrapper\"><div class=\"vc_row wpb_row vc_row-fluid\"><div class=\"wpb_column vc_column_container vc_col-sm-12\"><div class=\"vc_column-inner\"><div class=\"wpb_wrapper\"><div class=\"sc_section aligncenter\" style=\"background-color:#ffffff;\"><div class=\"sc_section_overlay\" style=\"\"><div class=\"sc_section_content\"><div class=\"sc_content content_wrap\"><h3 class=\"sc_title sc_title_regular\" style=\"margin-top:1.75em;margin-bottom:1em;\">Por que Nosotros<\/h3><div class=\"columns_wrap sc_columns columns_nofluid sc_columns_count_2\" style=\"margin-bottom:2em;\"><div class=\"column-1_2 sc_column_item sc_column_item_1 sc_columns_is_hover_no odd first\"><span class=\"sc_icon icon-tooth20 sc_icon_shape_round alignleft\" style=\"display:block;padding: 0.333em;margin-top:0.25em;margin-right:0.5em;font-size:40px; line-height: 1.2em;color:#40bdc3;border-width: 3px;border-color:#40bdc3;\"><\/span>\n\t<div class=\"wpb_text_column wpb_content_element vc_custom_1554918486275\" >\n\t\t<div class=\"wpb_wrapper\">\n\t\t\t<h5 style=\"text-align: left;\">Rapido y eficiente<\/h5>\n<p style=\"text-align: left; margin-top: -0.5em;\">Sonrisas Sanas es la cl\u00ednica que transforma su experiencia de ir al dentista. Borramos traumas pasadas y le ayudamos lograr su mejor sonrisa.<\/p>\n\n\t\t<\/div>\n\t<\/div>\n<div class=\"sc_line sc_line_style_dotted\" style=\"margin-top:1em;margin-bottom:2em;border-top-style:dotted;\"><\/div><span class=\"sc_icon icon-dentist3 sc_icon_shape_round alignleft\" style=\"display:block;padding: 0.333em;margin-top:0.25em;margin-right:0.5em;font-size:40px; line-height: 1.2em;color:#40bdc3;border-width: 3px;border-color:#40bdc3;\"><\/span>\n\t<div class=\"wpb_text_column wpb_content_element vc_custom_1554918647076\" >\n\t\t<div class=\"wpb_wrapper\">\n\t\t\t<h5 style=\"text-align: left;\">Nivel profesional<\/h5>\n<p style=\"text-align: left; margin-top: -0.5em;\"><span lang=\"ES-NI\">Brindamos atenci\u00f3n personalizada en un ambiente c\u00e1lido, dise\u00f1ado para su comodidad y relajaci\u00f3n, donde nuestras especialistas responden a todas sus preguntas<br \/>\n<\/span><\/p>\n\n\t\t<\/div>\n\t<\/div>\n<div class=\"sc_line sc_line_style_dotted\" style=\"margin-top:1em;margin-bottom:2em;border-top-style:dotted;\"><\/div><span class=\"sc_icon icon-dentist8 sc_icon_shape_round alignleft\" style=\"display:block;padding: 0.333em;margin-top:0.25em;margin-right:0.5em;font-size:40px; line-height: 1.2em;color:#40bdc3;border-width: 3px;border-color:#40bdc3;\"><\/span>\n\t<div class=\"wpb_text_column wpb_content_element vc_custom_1554918636516\" >\n\t\t<div class=\"wpb_wrapper\">\n\t\t\t<h5 style=\"text-align: left;\">Variedad de servicios<\/h5>\n<p style=\"text-align: left; margin-top: -0.5em;\"><span lang=\"ES-NI\">Contamos con las mejores dentistas, cuyos conocimientos t\u00e9cnicos y cualidades \u00e9ticas est\u00e1n a su disposici\u00f3n <\/span><\/p>\n\n\t\t<\/div>\n\t<\/div>\n<\/div><div class=\"column-1_2 sc_column_item sc_column_item_2 sc_columns_is_hover_no even\"><figure class=\"sc_image  sc_image_shape_square\"><img decoding=\"async\" src=\"https:\/\/sonrisassanasnicaragua.com\/wp-content\/uploads\/2019\/04\/about-us-new.png\" alt=\"\" \/><\/figure><\/div><\/div><\/div><\/div><\/div><\/div><\/div><\/div><\/div><\/div><div class=\"vc_row wpb_row vc_row-fluid\"><div class=\"wpb_column vc_column_container vc_col-sm-12\"><div class=\"vc_column-inner\"><div class=\"wpb_wrapper\"><div class=\"sc_section\"><div class=\"sc_content content_wrap\"><h3 class=\"sc_title sc_title_regular sc_align_center\" style=\"margin-top:2.33em;margin-bottom:2.2em;text-align:center;\">Conocer al equipo<\/h3><div class=\"sc_team sc_team_style_2\" style=\"margin-bottom:4.8em;\"><div class=\"sc_columns columns_wrap\"><div class=\"column-1_4\"><div class=\"sc_team_item sc_team_item_1 odd first\"><div class=\"sc_team_item_avatar\"><img loading=\"lazy\" decoding=\"async\" class=\"sc_image sc_image_shape_round\" width=\"120\" height=\"120\" alt=\"dr.png\" src=\"https:\/\/sonrisassanasnicaragua.com\/wp-content\/uploads\/2019\/04\/dr-120x120.png\"><\/div><div class=\"team_item_info-container\" clearfix><div class=\"sc_team_item_info\"><h6 class=\"sc_team_item_title\"><a href=\"\/es\/meet-the-team\/\">Dra. Nardys Romero<\/a><\/h6><div class=\"sc_team_item_position\">Fundadora y Duena<\/div><div class=\"sc_team_item_description\"><span class=\"sc_team_item_description_span\"><\/span> <\/div><div class=\"sc_socials sc_socials_size_small\"><div class=\"sc_socials_item\"><a href=\"#\" target=\"_blank\" class=\"social_icons social_icon-facebook\"><span class=\"sc_icon sc_icon_shape_round icon-facebook\"><\/span><\/a><\/div><div class=\"sc_socials_item\"><a href=\"#\" target=\"_blank\" class=\"social_icons social_icon-twitter\"><span class=\"sc_icon sc_icon_shape_round icon-twitter\"><\/span><\/a><\/div><\/div><div class=\"sc_team_item_description_span_icon_container\"><a href=\"\/es\/meet-the-team\/\"><span class=\"sc_team_item_description_span_icon sc_icon icon-plus sc_icon_shape_round\"><\/span><\/a><\/div><\/div><\/div><\/div><\/div><div class=\"column-1_4\"><div class=\"sc_team_item sc_team_item_2 even\"><div class=\"sc_team_item_avatar\"><img loading=\"lazy\" decoding=\"async\" class=\"sc_image sc_image_shape_round\" width=\"120\" height=\"120\" alt=\"Abril-61.jpg\" src=\"https:\/\/sonrisassanasnicaragua.com\/wp-content\/uploads\/2019\/04\/Abril-61-120x120.jpg\"><\/div><div class=\"team_item_info-container\" clearfix><div class=\"sc_team_item_info\"><h6 class=\"sc_team_item_title\"><a href=\"\/es\/meet-the-team\/\">Dra. Julissa Laguna<\/a><\/h6><div class=\"sc_team_item_position\">Odontolog\u00eda General y Est\u00e9tica<\/div><div class=\"sc_team_item_description\"><span class=\"sc_team_item_description_span\"><\/span> <\/div><div class=\"sc_socials sc_socials_size_small\"><div class=\"sc_socials_item\"><a href=\"#\" target=\"_blank\" class=\"social_icons social_icon-facebook\"><span class=\"sc_icon sc_icon_shape_round icon-facebook\"><\/span><\/a><\/div><div class=\"sc_socials_item\"><a href=\"#\" target=\"_blank\" class=\"social_icons social_icon-twitter\"><span class=\"sc_icon sc_icon_shape_round icon-twitter\"><\/span><\/a><\/div><\/div><div class=\"sc_team_item_description_span_icon_container\"><a href=\"\/es\/meet-the-team\/\"><span class=\"sc_team_item_description_span_icon sc_icon icon-plus sc_icon_shape_round\"><\/span><\/a><\/div><\/div><\/div><\/div><\/div><div class=\"column-1_4\"><div class=\"sc_team_item sc_team_item_3 odd\"><div class=\"sc_team_item_avatar\"><img loading=\"lazy\" decoding=\"async\" class=\"sc_image sc_image_shape_round\" width=\"120\" height=\"120\" alt=\"gema.png\" src=\"https:\/\/sonrisassanasnicaragua.com\/wp-content\/uploads\/2015\/07\/gema-120x120.png\"><\/div><div class=\"team_item_info-container\" clearfix><div class=\"sc_team_item_info\"><h6 class=\"sc_team_item_title\"><a href=\"\/es\/meet-the-team\/\">Dra. Gema Osorno<\/a><\/h6><div class=\"sc_team_item_position\">Odontolog\u00eda General<\/div><div class=\"sc_team_item_description\"><span class=\"sc_team_item_description_span\"><\/span> <\/div><div class=\"sc_socials sc_socials_size_small\"><div class=\"sc_socials_item\"><a href=\"#\" target=\"_blank\" class=\"social_icons social_icon-facebook\"><span class=\"sc_icon sc_icon_shape_round icon-facebook\"><\/span><\/a><\/div><div class=\"sc_socials_item\"><a href=\"#\" target=\"_blank\" class=\"social_icons social_icon-twitter\"><span class=\"sc_icon sc_icon_shape_round icon-twitter\"><\/span><\/a><\/div><\/div><div class=\"sc_team_item_description_span_icon_container\"><a href=\"\/es\/meet-the-team\/\"><span class=\"sc_team_item_description_span_icon sc_icon icon-plus sc_icon_shape_round\"><\/span><\/a><\/div><\/div><\/div><\/div><\/div><div class=\"column-1_4\"><div class=\"sc_team_item sc_team_item_4 even\"><div class=\"sc_team_item_avatar\"><img loading=\"lazy\" decoding=\"async\" class=\"sc_image sc_image_shape_round\" width=\"120\" height=\"120\" alt=\"Dr.-Yader.png\" src=\"https:\/\/sonrisassanasnicaragua.com\/wp-content\/uploads\/2015\/07\/Dr.-Yader-120x120.png\"><\/div><div class=\"team_item_info-container\" clearfix><div class=\"sc_team_item_info\"><h6 class=\"sc_team_item_title\"><a href=\"\/es\/meet-the-team\/\">Dr. Yader Espinoza<\/a><\/h6><div class=\"sc_team_item_position\">Odontolog\u00eda General<\/div><div class=\"sc_team_item_description\"><span class=\"sc_team_item_description_span\"><\/span> <\/div><div class=\"sc_socials sc_socials_size_small\"><div class=\"sc_socials_item\"><a href=\"#\" target=\"_blank\" class=\"social_icons social_icon-facebook\"><span class=\"sc_icon sc_icon_shape_round icon-facebook\"><\/span><\/a><\/div><div class=\"sc_socials_item\"><a href=\"#\" target=\"_blank\" class=\"social_icons social_icon-twitter\"><span class=\"sc_icon sc_icon_shape_round icon-twitter\"><\/span><\/a><\/div><\/div><div class=\"sc_team_item_description_span_icon_container\"><a href=\"\/es\/meet-the-team\/\"><span class=\"sc_team_item_description_span_icon sc_icon icon-plus sc_icon_shape_round\"><\/span><\/a><\/div><\/div><\/div><\/div><\/div><\/div><\/div><\/div><\/div><\/div><\/div><\/div><\/div><div class=\"vc_row wpb_row vc_row-fluid\"><div class=\"wpb_column vc_column_container vc_col-sm-12\"><div class=\"vc_column-inner\"><div class=\"wpb_wrapper\"><div class=\"sc_section\" style=\"background-repeat: no-repeat; background-color: #45c8d5;background-image:url(https:\/\/sonrisassanasnicaragua.com\/wp-content\/uploads\/2015\/06\/about_2.jpg);\"><div class=\"sc_section_overlay\" style=\"\"><div class=\"sc_section_content\"><div class=\"sc_content content_wrap\"><h3 class=\"sc_title sc_title_regular sc_align_center\" style=\"margin-top:1.66em;margin-bottom:1.66em;text-align:center;color:#ffffff;\">Tratamientos mas populares<\/h3><div class=\"columns_wrap sc_columns columns_nofluid sc_columns_count_3\" style=\"margin-top:-13px;margin-bottom:30px;\"><div class=\"column-1_3 sc_column_item sc_column_item_1 sc_columns_is_hover_yes  style_1 odd first\" style=\"text-align:center;\"><div class=\"sc_section\" style=\"margin-bottom:1.2em !important;background-color:#ffffff;\"><div class=\"sc_section_overlay\" style=\"\"><div class=\"sc_section_content\"><span class=\"sc_icon icon-tooth10 sc_icon_shape_round aligncenter\" style=\"display:block;padding:0.5em;margin-top:0.4em;font-size:50px; line-height: 1.2em;color:#34b8c0;border-width: 3px;border-color:#34b8c0;\"><\/span>\n\t<div class=\"wpb_text_column wpb_content_element vc_custom_1437386136469\" >\n\t\t<div class=\"wpb_wrapper\">\n\t\t\t<h5 style=\"text-align: center;\">Implantes<\/h5>\n<p style=\"text-align: center; margin-top: 0.5em;\">The implant fixture is first placed, so that it is likely to osseointegrate, then a dental prosthetic is added.<\/p>\n\n\t\t<\/div>\n\t<\/div>\n<a href=\"#\" class=\"sc_button sc_button_square sc_button_style_filled sc_button_bg_link sc_button_size_small\" style=\"display: block; position: absolute; left: 0; right: 0;margin-right:auto;margin-left:auto;width:40px;color:#ffffff;border-style:solid;border-color:#47c9d8;border-width: 10px;\">More<\/a><\/div><\/div><\/div><\/div><div class=\"column-1_3 sc_column_item sc_column_item_2 sc_columns_is_hover_yes  style_1 even\" style=\"text-align:center;\"><div class=\"sc_section\" style=\"margin-bottom:1.2em !important;background-color:#ffffff;\"><div class=\"sc_section_overlay\" style=\"\"><div class=\"sc_section_content\"><span class=\"sc_icon icon-tooth11 sc_icon_shape_round aligncenter\" style=\"display:block;padding:0.5em;margin-top:0.4em;font-size:50px; line-height: 1.2em;color:#34b8c0;border-width: 3px;border-color:#34b8c0;\"><\/span>\n\t<div class=\"wpb_text_column wpb_content_element vc_custom_1437386194123\" >\n\t\t<div class=\"wpb_wrapper\">\n\t\t\t<h5 style=\"text-align: center;\">Braces<\/h5>\n<p style=\"text-align: center; margin-top: 0.5em;\">According to scholars and historians, braces date back to ancient times. Around 400-300 BC.<\/p>\n\n\t\t<\/div>\n\t<\/div>\n<a href=\"#\" class=\"sc_button sc_button_square sc_button_style_filled sc_button_bg_link sc_button_size_small\" style=\"display: block; position: absolute; left: 0; right: 0;margin-right:auto;margin-left:auto;width:40px;color:#ffffff;border-style:solid;border-color:#47c9d8;border-width: 10px;\">More<\/a><\/div><\/div><\/div><\/div><div class=\"column-1_3 sc_column_item sc_column_item_3 sc_columns_is_hover_yes  style_1 odd\" style=\"text-align:center;\"><div class=\"sc_section\" style=\"margin-bottom:1.2em !important;background-color:#ffffff;\"><div class=\"sc_section_overlay\" style=\"\"><div class=\"sc_section_content\"><span class=\"sc_icon icon-tooth4 sc_icon_shape_round aligncenter\" style=\"display:block;padding:0.5em;margin-top:0.4em;font-size:50px; line-height: 1.2em;color:#34b8c0;border-width: 3px;border-color:#34b8c0;\"><\/span>\n\t<div class=\"wpb_text_column wpb_content_element vc_custom_1437386259118\" >\n\t\t<div class=\"wpb_wrapper\">\n\t\t\t<h5 style=\"text-align: center;\">Teeth Whitening<\/h5>\n<p style=\"text-align: center; margin-top: 0.5em;\">Blanquemiento<\/p>\n\n\t\t<\/div>\n\t<\/div>\n<a href=\"#\" class=\"sc_button sc_button_square sc_button_style_filled sc_button_bg_link sc_button_size_small\" style=\"display: block; position: absolute; left: 0; right: 0;margin-right:auto;margin-left:auto;width:40px;color:#ffffff;border-style:solid;border-color:#47c9d8;border-width: 10px;\">More<\/a><\/div><\/div><\/div><\/div><\/div><div class=\"columns_wrap sc_columns columns_nofluid sc_columns_count_3\" style=\"margin-top:-1em;margin-bottom:3.9em;\"><div class=\"column-1_3 sc_column_item sc_column_item_1 sc_columns_is_hover_yes  style_1 odd first\" style=\"text-align:center;\"><div class=\"sc_section\" style=\"margin-bottom:1.2em !important;background-color:#ffffff;\"><div class=\"sc_section_overlay\" style=\"\"><div class=\"sc_section_content\"><span class=\"sc_icon icon-dentist18 sc_icon_shape_round aligncenter\" style=\"display:block;padding:0.5em;margin-top:0.4em;font-size:50px; line-height: 1.2em;color:#34b8c0;border-width: 3px;border-color:#34b8c0;\"><\/span>\n\t<div class=\"wpb_text_column wpb_content_element vc_custom_1437386327215\" >\n\t\t<div class=\"wpb_wrapper\">\n\t\t\t<h5 style=\"text-align: center;\">Coronas y Puentes<\/h5>\n<p style=\"text-align: center; margin-top: 0.5em;\">Types of bridges may vary, depending upon how they are fabricated and the way they anchor to the adjacent teeth.<\/p>\n\n\t\t<\/div>\n\t<\/div>\n<a href=\"#\" class=\"sc_button sc_button_square sc_button_style_filled sc_button_bg_link sc_button_size_small\" style=\"display: block; position: absolute; left: 0; right: 0;margin-right:auto;margin-left:auto;width:40px;color:#ffffff;border-style:solid;border-color:#47c9d8;border-width: 10px;\">More<\/a><\/div><\/div><\/div><\/div><div class=\"column-1_3 sc_column_item sc_column_item_2 sc_columns_is_hover_yes  style_1 even\" style=\"text-align:center;\"><div class=\"sc_section\" style=\"margin-bottom:1.2em !important;background-color:#ffffff;\"><div class=\"sc_section_overlay\" style=\"\"><div class=\"sc_section_content\"><span class=\"sc_icon icon-dentist6 sc_icon_shape_round aligncenter\" style=\"display:block;padding:0.5em;margin-top:0.4em;font-size:50px; line-height: 1.2em;color:#34b8c0;border-width: 3px;border-color:#34b8c0;\"><\/span>\n\t<div class=\"wpb_text_column wpb_content_element vc_custom_1437396596021\" >\n\t\t<div class=\"wpb_wrapper\">\n\t\t\t<h5 style=\"text-align: center;\">Prevenci\u00f3n<\/h5>\n<p style=\"text-align: center; margin-top: 0.5em;\">The most important part of preventive dentistry is to brush teeth with fluoride toothpaste approved by ADA.<\/p>\n\n\t\t<\/div>\n\t<\/div>\n<a href=\"#\" class=\"sc_button sc_button_square sc_button_style_filled sc_button_bg_link sc_button_size_small\" style=\"display: block; position: absolute; left: 0; right: 0;margin-right:auto;margin-left:auto;width:40px;color:#ffffff;border-style:solid;border-color:#47c9d8;border-width: 10px;\">More<\/a><\/div><\/div><\/div><\/div><div class=\"column-1_3 sc_column_item sc_column_item_3 sc_columns_is_hover_yes  style_1 odd\" style=\"text-align:center;\"><div class=\"sc_section\" style=\"margin-bottom:1.2em !important;background-color:#ffffff;\"><div class=\"sc_section_overlay\" style=\"\"><div class=\"sc_section_content\"><span class=\"sc_icon icon-tooth9 sc_icon_shape_round aligncenter\" style=\"display:block;padding:0.5em;margin-top:0.4em;font-size:50px; line-height: 1.2em;color:#34b8c0;border-width: 3px;border-color:#34b8c0;\"><\/span>\n\t<div class=\"wpb_text_column wpb_content_element vc_custom_1437396654273\" >\n\t\t<div class=\"wpb_wrapper\">\n\t\t\t<h5 style=\"text-align: center;\">Odontolog\u00eda cosmetica<\/h5>\n<p style=\"text-align: center; margin-top: 0.5em;\">There are only 2 dental specialties that only\u00a0focus on dental esthetics: Prosthodontics and Orthodontics<\/p>\n\n\t\t<\/div>\n\t<\/div>\n<a href=\"#\" class=\"sc_button sc_button_square sc_button_style_filled sc_button_bg_link sc_button_size_small\" style=\"display: block; position: absolute; left: 0; right: 0;margin-right:auto;margin-left:auto;width:40px;color:#ffffff;border-style:solid;border-color:#47c9d8;border-width: 10px;\">More<\/a><\/div><\/div><\/div><\/div><\/div><\/div><\/div><\/div><\/div><\/div><\/div><\/div><\/div><div class=\"vc_row wpb_row vc_row-fluid\"><div class=\"wpb_column vc_column_container vc_col-sm-12\"><div class=\"vc_column-inner\"><div class=\"wpb_wrapper\">\n\t<div class=\"wpb_text_column wpb_content_element\" >\n\t\t<div class=\"wpb_wrapper\">\n\t\t\t<p>&nbsp;<\/p>\n\n\t\t<\/div>\n\t<\/div>\n<\/div><\/div><\/div><\/div><div class=\"vc_row wpb_row vc_row-fluid\"><div class=\"wpb_column vc_column_container vc_col-sm-12\"><div class=\"vc_column-inner\"><div class=\"wpb_wrapper\"><div class=\"sc_section\" style=\"background-color:#ffffff;\"><div class=\"sc_section_overlay\" style=\"\"><div class=\"sc_section_content\"><div class=\"sc_content content_wrap\" style=\"margin-bottom:2.5em !important;\"><h3 class=\"sc_title sc_title_regular\"><\/p>\n<p style=\"text-align: center;\">Cont\u00e1ctenos para una consulta gratis<\/p>\n<p><\/h3>\n<div class=\"wpcf7 no-js\" id=\"wpcf7-f1801-o1\" lang=\"en-US\" dir=\"ltr\">\n<div class=\"screen-reader-response\"><p role=\"status\" aria-live=\"polite\" aria-atomic=\"true\"><\/p> <ul><\/ul><\/div>\n<form action=\"\/es\/wp-json\/wp\/v2\/pages\/246#wpcf7-f1801-o1\" method=\"post\" class=\"wpcf7-form init\" aria-label=\"Contact form\" novalidate=\"novalidate\" data-status=\"init\" data-trp-original-action=\"\/es\/wp-json\/wp\/v2\/pages\/246#wpcf7-f1801-o1\">\n<div style=\"display: none;\">\n<input type=\"hidden\" name=\"_wpcf7\" value=\"1801\" \/>\n<input type=\"hidden\" name=\"_wpcf7_version\" value=\"5.9.5\" \/>\n<input type=\"hidden\" name=\"_wpcf7_locale\" value=\"en_US\" \/>\n<input type=\"hidden\" name=\"_wpcf7_unit_tag\" value=\"wpcf7-f1801-o1\" \/>\n<input type=\"hidden\" name=\"_wpcf7_container_post\" value=\"0\" \/>\n<input type=\"hidden\" name=\"_wpcf7_posted_data_hash\" value=\"\" \/>\n<input type=\"hidden\" name=\"_wpcf7_recaptcha_response\" value=\"\" \/>\n<\/div>\n<div class=\"sc_contact_form_info sc_columns columns_wrap\">\n\t<div class=\"column-1_2 sc_column_item sc_column_item_1\">\n\t\t<div class=\"sc_contact_form_item sc_contact_form_field label_over\">\n\t\t\t<p><span class=\"wpcf7-form-control-wrap\" data-name=\"your-name\"><input size=\"40\" class=\"wpcf7-form-control wpcf7-text wpcf7-validates-as-required\" aria-required=\"true\" aria-invalid=\"false\" placeholder=\"Nombre\" value=\"\" type=\"text\" name=\"your-name\" \/><\/span>\n\t\t\t<\/p>\n\t\t<\/div>\n\t\t<div class=\"sc_contact_form_item sc_contact_form_field label_over\">\n\t\t\t<p><span class=\"wpcf7-form-control-wrap\" data-name=\"your-lastname\"><input size=\"40\" class=\"wpcf7-form-control wpcf7-text wpcf7-validates-as-required\" aria-required=\"true\" aria-invalid=\"false\" placeholder=\"Apellido\" value=\"\" type=\"text\" name=\"your-lastname\" \/><\/span>\n\t\t\t<\/p>\n\t\t<\/div>\n\t\t<div class=\"sc_contact_form_item sc_contact_form_field label_over\">\n\t\t\t<p><span class=\"wpcf7-form-control-wrap\" data-name=\"your-message\"><textarea cols=\"40\" rows=\"10\" class=\"wpcf7-form-control wpcf7-textarea wpcf7-validates-as-required\" aria-required=\"true\" aria-invalid=\"false\" placeholder=\"Mensaje\" name=\"your-message\"><\/textarea><\/span>\n\t\t\t<\/p>\n\t\t<\/div>\n\t<\/div>\n\t<div class=\"column-1_2 sc_column_item sc_column_item_2\">\n\t\t<div class=\"sc_contact_form_item sc_contact_form_field label_over\">\n\t\t\t<p><span class=\"wpcf7-form-control-wrap\" data-name=\"your-email\"><input size=\"40\" class=\"wpcf7-form-control wpcf7-text wpcf7-validates-as-required\" aria-required=\"true\" aria-invalid=\"false\" placeholder=\"Correo electronico\" value=\"\" type=\"text\" name=\"your-email\" \/><\/span>\n\t\t\t<\/p>\n\t\t<\/div>\n\t\t<div class=\"sc_contact_form_item sc_contact_form_field label_over\">\n\t\t\t<p><span class=\"wpcf7-form-control-wrap\" data-name=\"tel-747\"><input size=\"40\" class=\"wpcf7-form-control wpcf7-tel wpcf7-text wpcf7-validates-as-tel\" aria-invalid=\"false\" placeholder=\"Phone\" value=\"\" type=\"tel\" name=\"tel-747\" \/><\/span>\n\t\t\t<\/p>\n\t\t<\/div>\n\t\t<div class=\"sc_contact_form_item sc_contact_form_field label_over\">\n\t\t\t<p><span class=\"wpcf7-form-control-wrap\" data-name=\"text-10\"><input size=\"40\" class=\"wpcf7-form-control wpcf7-text\" aria-invalid=\"false\" placeholder=\"Estoy interesado en\" value=\"\" type=\"text\" name=\"text-10\" \/><\/span>\n\t\t\t<\/p>\n\t\t<\/div>\n\t\t<p><span class=\"wpcf7-form-control-wrap\" data-name=\"acceptance-157\"><span class=\"wpcf7-form-control wpcf7-acceptance\"><span class=\"wpcf7-list-item\"><label><input type=\"checkbox\" name=\"acceptance-157\" value=\"1\" aria-invalid=\"false\" \/><span class=\"wpcf7-list-item-label\">Estoy de acuerdo con los terminos<\/span><\/label><\/span><\/span><\/span><br \/>\n<input class=\"wpcf7-form-control wpcf7-submit has-spinner\" type=\"submit\" value=\"Enviar\" \/>\n\t\t<\/p>\n\t<\/div>\n<\/div><div class=\"wpcf7-response-output\" aria-hidden=\"true\"><\/div>\n<input type=\"hidden\" name=\"trp-form-language\" value=\"es\"\/><\/form>\n<\/div>\n<\/div><\/div><\/div><\/div><\/div><\/div><\/div><\/div>\n<\/div>","protected":false},"excerpt":{"rendered":"Why choose us Simple and fast Sonrisas Sanas is the clinic that transforms your experience of going to the dentist. We erase past traumas and help you achieve your best smile. Professional level We provide personal attention in a warm setting, designed for your comfort and relaxation, where our specialists answer all your questions. Variety [...]","protected":false},"author":1,"featured_media":0,"parent":0,"menu_order":0,"comment_status":"open","ping_status":"open","template":"","meta":{"_monsterinsights_skip_tracking":false,"_monsterinsights_sitenote_active":false,"_monsterinsights_sitenote_note":"","_monsterinsights_sitenote_category":0,"footnotes":""},"class_list":["post-246","page","type-page","status-publish","hentry"],"_links":{"self":[{"href":"https:\/\/sonrisassanasnicaragua.com\/es\/wp-json\/wp\/v2\/pages\/246","targetHints":{"allow":["GET"]}}],"collection":[{"href":"https:\/\/sonrisassanasnicaragua.com\/es\/wp-json\/wp\/v2\/pages"}],"about":[{"href":"https:\/\/sonrisassanasnicaragua.com\/es\/wp-json\/wp\/v2\/types\/page"}],"author":[{"embeddable":true,"href":"https:\/\/sonrisassanasnicaragua.com\/es\/wp-json\/wp\/v2\/users\/1"}],"replies":[{"embeddable":true,"href":"https:\/\/sonrisassanasnicaragua.com\/es\/wp-json\/wp\/v2\/comments?post=246"}],"version-history":[{"count":31,"href":"https:\/\/sonrisassanasnicaragua.com\/es\/wp-json\/wp\/v2\/pages\/246\/revisions"}],"predecessor-version":[{"id":2217,"href":"https:\/\/sonrisassanasnicaragua.com\/es\/wp-json\/wp\/v2\/pages\/246\/revisions\/2217"}],"wp:attachment":[{"href":"https:\/\/sonrisassanasnicaragua.com\/es\/wp-json\/wp\/v2\/media?parent=246"}],"curies":[{"name":"wp","href":"https:\/\/api.w.org\/{rel}","templated":true}]}}