{"id":791,"date":"2015-06-17T11:12:52","date_gmt":"2015-06-17T11:12:52","guid":{"rendered":"http:\/\/dev.sonrisassanasnicaragua.com\/?page_id=791"},"modified":"2019-04-17T13:53:19","modified_gmt":"2019-04-17T13:53:19","slug":"services","status":"publish","type":"page","link":"https:\/\/sonrisassanasnicaragua.com\/es\/services\/","title":{"rendered":"Tratamientos"},"content":{"rendered":"<div class=\"wpb-content-wrapper\"><div class=\"vc_row wpb_row vc_row-fluid\"><div class=\"services_sidebar wpb_column vc_column_container vc_col-sm-3\"><div class=\"vc_column-inner\"><div class=\"wpb_wrapper\"><div class=\"sc_section\" style=\"background-color:#f9f9f9;\"><div class=\"sc_section_overlay\" style=\"\"><div class=\"sc_section_content\"><h3 class=\"sc_title sc_title_regular\">What we do<\/h3><\/div><\/div><\/div><div  class=\"wpb_widgetised_column wpb_content_element\">\n\t\t<div class=\"wpb_wrapper\">\n\t\t\t\n\t\t\t<aside id=\"custom_html-3\" class=\"widget_text widget_number_1 widget widget_custom_html\"><div class=\"textwidget custom-html-widget\"><div class=\"wpb_widgetised_column wpb_content_element\">\r\n\t<div class=\"wpb_wrapper\">\r\n\t\t<aside id=\"nav_menu-2\" class=\"widget_number_1 widget widget_nav_menu\">\r\n\t\t\t<div class=\"menu-services-menu-container\">\r\n\t\t\t\t<ul id=\"menu-services-menu\" class=\"menu\">\r\n\t\t\t\t\t<li id=\"menu-item-1544\" class=\"menu-item menu-item-type-post_type menu-item-object-page menu-item-1544\">\r\n\t\t\t\t\t\t<a href=\"\/es\/treatments-root-canal\/\">Endodoncia<\/a>\r\n\t\t\t\t\t<\/li>\r\n<li id=\"menu-item-1543\" class=\"menu-item menu-item-type-post_type menu-item-object-page menu-item-1543\"><a href=\"\/es\/treatments-professional-tooth-whitening\/\">Blanqueamiento<\/a>\r\n\t\t\t\t\t<\/li>\r\n<li id=\"menu-item-797\" class=\"menu-item menu-item-type-custom menu-item-object-custom menu-item-797\"><a href=\"\/es\/treatments-dental-implants\/\">Implantes<\/a>\r\n\t\t\t\t\t<\/li>\r\n<li id=\"menu-item-798\" class=\"menu-item menu-item-type-custom menu-item-object-custom menu-item-798\"><a href=\"\/es\/treatments-pediatric-dentistry\/\">Odontopediatr\u00eda<\/a><\/li>\r\n<li id=\"menu-item-799\" class=\"menu-item menu-item-type-custom menu-item-object-custom menu-item-799\"><a href=\"\/es\/treatments-orthodontics\/\">Ortodoncia<\/a><\/li>\r\n<li id=\"menu-item-800\" class=\"menu-item menu-item-type-custom menu-item-object-custom menu-item-800\"><a href=\"\/es\/treatments-periodontics\/\">Periodoncia<\/a><\/li>\r\n\t\t\t\t\t\r\n\t\t\t\t\t<li id=\"menu-item-801\" class=\"menu-item menu-item-type-custom menu-item-object-custom menu-item-801\"><a href=\"\/es\/treatments-oral-and-maxillofacial-surgery\/\">Cirug\u00eda Oral y Maxilofacial<\/a><\/li>\r\n\t\t\t\t\t\r\n\t\t\t\t\t<li id=\"menu-item-802\" class=\"menu-item menu-item-type-custom menu-item-object-custom menu-item-802\"><a href=\"\/es\/treatments-preventative-dentistry\/\">Prevenci\u00f3n en Salud Bucal<\/a><\/li>\r\n\t\t\t\t\t\r\n\t\t\t\t\t<li id=\"menu-item-803\" class=\"menu-item menu-item-type-custom menu-item-object-custom menu-item-803\"><a href=\"\/es\/restorative-dentistry\/\">Rehabilitaci\u00f3n Oral<\/a><\/li>\r\n\t\t\t\t\t\r\n<\/ul><\/div><\/aside>\r\n\t\t<\/div>\r\n\t<\/div><\/div><\/aside>\n\t\t<\/div>\n\t<\/div>\n<div class=\"sc_section\" style=\"border-bottom: 4px solid #f6f6f6;background-color:#ffffff;\"><div class=\"sc_section_overlay\" style=\"\"><div class=\"sc_section_content\"><h5 class=\"sc_title sc_title_regular\" style=\"margin-top:-0.5em;margin-left:0.7em;\">Contacts<\/h5><div class=\"sc_line sc_line_style_solid\" style=\"margin-top:0.5em;margin-bottom:2em;border-top-style:solid;border-top-color:#efefef;\"><\/div><div class=\"sc_content content_wrap\" style=\"margin-left: 0.85em;margin-bottom:1.7em !important;\"><span class=\"sc_icon icon-location alignleft\" style=\"display:block;margin-right:0.4em;font-size:2.4em; line-height: 1em;color:#34b8c0;\"><\/span>\n\t<div class=\"wpb_text_column wpb_content_element\" >\n\t\t<div class=\"wpb_wrapper\">\n\t\t\t<p>Parque Dario 1C al Este, Matagalpa<\/p>\n\n\t\t<\/div>\n\t<\/div>\n<\/div><div class=\"sc_content content_wrap\" style=\"font-size:1.333em; margin-left: 0.85em;margin-bottom:1.7em !important;\"><span class=\"sc_icon icon-cellphone67 alignleft\" style=\"display:block;margin-right:1em;color:#34b8c0;\"><\/span>\n\t<div class=\"wpb_text_column wpb_content_element\" >\n\t\t<div class=\"wpb_wrapper\">\n\t\t\t<p><a href=\"tel:505 2772 6169\">505 2772 6169<\/a><\/p>\n\n\t\t<\/div>\n\t<\/div>\n<\/div><\/div><\/div><\/div><\/div><\/div><\/div><div class=\"wpb_column vc_column_container vc_col-sm-9\"><div class=\"vc_column-inner\"><div class=\"wpb_wrapper\"><div id=\"sc_slider_257100567\" class=\"sc_slider sc_slider_revo sc_slider_height_fixed sc_slider_nocontrols sc_slider_nopagination\" data-old-height=\"500\" data-interval=\"7129\" style=\"margin-top:7em;height:500px;width:100%;\">\n<div id=\"rev_slider_4_1_wrapper\" class=\"rev_slider_wrapper fullwidthbanner-container\" data-source=\"gallery\" style=\"margin:0px auto;background:transparent;padding:0px;margin-top:0px;margin-bottom:0px;\">\n<!-- START REVOLUTION SLIDER 5.4.8.1 auto mode -->\n\t<div id=\"rev_slider_4_1\" class=\"rev_slider fullwidthabanner\" style=\"display:none;\" data-version=\"5.4.8.1\">\n<ul>\t<!-- SLIDE  -->\n\t<li data-index=\"rs-30\" data-transition=\"fade\" data-slotamount=\"default\" data-hideafterloop=\"0\" data-hideslideonmobile=\"off\"  data-easein=\"default\" data-easeout=\"default\" data-masterspeed=\"300\"  data-thumb=\"\"  data-rotate=\"0\"  data-saveperformance=\"off\"  data-title=\"Slide\" data-param1=\"\" data-param2=\"\" data-param3=\"\" data-param4=\"\" data-param5=\"\" data-param6=\"\" data-param7=\"\" data-param8=\"\" data-param9=\"\" data-param10=\"\" data-description=\"\">\n\t\t<!-- MAIN IMAGE -->\n\t\t<img decoding=\"async\" src=\"https:\/\/sonrisassanasnicaragua.com\/wp-content\/plugins\/revslider\/admin\/assets\/images\/transparent.png\"  alt=\"\" title=\"Tratamientos\"  data-bgposition=\"center center\" data-bgfit=\"cover\" data-bgrepeat=\"no-repeat\" class=\"rev-slidebg\" data-no-retina>\n\t\t<!-- LAYERS -->\n\n\t\t<!-- LAYER NR. 1 -->\n\t\t<div class=\"tp-caption   tp-resizeme\" \n\t\t\t id=\"slide-30-layer-3\" \n\t\t\t data-x=\"-40\" \n\t\t\t data-y=\"\" \n\t\t\t\t\t\tdata-width=\"['none','none','none','none']\"\n\t\t\tdata-height=\"['none','none','none','none']\"\n \n\t\t\tdata-type=\"image\" \n\t\t\tdata-responsive_offset=\"on\" \n\n\t\t\tdata-frames='[{\"delay\":0,\"speed\":300,\"frame\":\"0\",\"from\":\"opacity:0;\",\"to\":\"o:1;\",\"ease\":\"Power3.easeInOut\"},{\"delay\":\"wait\",\"speed\":300,\"frame\":\"999\",\"to\":\"opacity:0;\",\"ease\":\"Power3.easeInOut\"}]'\n\t\t\tdata-textalign=\"['inherit','inherit','inherit','inherit']\"\n\t\t\tdata-paddingtop=\"[0,0,0,0]\"\n\t\t\tdata-paddingright=\"[0,0,0,0]\"\n\t\t\tdata-paddingbottom=\"[0,0,0,0]\"\n\t\t\tdata-paddingleft=\"[0,0,0,0]\"\n\n\t\t\tstyle=\"z-index: 5;\"><img loading=\"lazy\" decoding=\"async\" src=\"https:\/\/sonrisassanasnicaragua.com\/wp-content\/uploads\/2019\/04\/serv4.jpg\" alt=\"\" data-ww=\"1200\" data-hh=\"800px\" width=\"2508\" height=\"1672\" data-no-retina> <\/div>\n\t<\/li>\n\t<!-- SLIDE  -->\n\t<li data-index=\"rs-31\" data-transition=\"fade\" data-slotamount=\"default\" data-hideafterloop=\"0\" data-hideslideonmobile=\"off\"  data-easein=\"default\" data-easeout=\"default\" data-masterspeed=\"300\"  data-thumb=\"\"  data-rotate=\"0\"  data-saveperformance=\"off\"  data-title=\"Slide\" data-param1=\"\" data-param2=\"\" data-param3=\"\" data-param4=\"\" data-param5=\"\" data-param6=\"\" data-param7=\"\" data-param8=\"\" data-param9=\"\" data-param10=\"\" data-description=\"\">\n\t\t<!-- MAIN IMAGE -->\n\t\t<img decoding=\"async\" src=\"https:\/\/sonrisassanasnicaragua.com\/wp-content\/plugins\/revslider\/admin\/assets\/images\/transparent.png\"  alt=\"\" title=\"Tratamientos\"  data-bgposition=\"center center\" data-bgfit=\"cover\" data-bgrepeat=\"no-repeat\" class=\"rev-slidebg\" data-no-retina>\n\t\t<!-- LAYERS -->\n\n\t\t<!-- LAYER NR. 2 -->\n\t\t<div class=\"tp-caption   tp-resizeme\" \n\t\t\t id=\"slide-31-layer-1\" \n\t\t\t data-x=\"-10\" \n\t\t\t data-y=\"-1\" \n\t\t\t\t\t\tdata-width=\"['none','none','none','none']\"\n\t\t\tdata-height=\"['none','none','none','none']\"\n \n\t\t\tdata-type=\"image\" \n\t\t\tdata-responsive_offset=\"on\" \n\n\t\t\tdata-frames='[{\"delay\":0,\"speed\":300,\"frame\":\"0\",\"from\":\"opacity:0;\",\"to\":\"o:1;\",\"ease\":\"Power3.easeInOut\"},{\"delay\":\"wait\",\"speed\":300,\"frame\":\"999\",\"to\":\"opacity:0;\",\"ease\":\"Power3.easeInOut\"}]'\n\t\t\tdata-textalign=\"['inherit','inherit','inherit','inherit']\"\n\t\t\tdata-paddingtop=\"[0,0,0,0]\"\n\t\t\tdata-paddingright=\"[0,0,0,0]\"\n\t\t\tdata-paddingbottom=\"[0,0,0,0]\"\n\t\t\tdata-paddingleft=\"[0,0,0,0]\"\n\n\t\t\tstyle=\"z-index: 5;\"><img loading=\"lazy\" decoding=\"async\" src=\"https:\/\/sonrisassanasnicaragua.com\/wp-content\/uploads\/2019\/04\/serv3.jpg\" alt=\"\" data-ww=\"1302\" data-hh=\"868px\" width=\"1200\" height=\"800\" data-no-retina> <\/div>\n\t<\/li>\n\t<!-- SLIDE  -->\n\t<li data-index=\"rs-29\" data-transition=\"fade\" data-slotamount=\"default\" data-hideafterloop=\"0\" data-hideslideonmobile=\"off\"  data-easein=\"default\" data-easeout=\"default\" data-masterspeed=\"300\"  data-thumb=\"\"  data-rotate=\"0\"  data-saveperformance=\"off\"  data-title=\"Slide\" data-param1=\"\" data-param2=\"\" data-param3=\"\" data-param4=\"\" data-param5=\"\" data-param6=\"\" data-param7=\"\" data-param8=\"\" data-param9=\"\" data-param10=\"\" data-description=\"\">\n\t\t<!-- MAIN IMAGE -->\n\t\t<img decoding=\"async\" src=\"https:\/\/sonrisassanasnicaragua.com\/wp-content\/plugins\/revslider\/admin\/assets\/images\/transparent.png\"  alt=\"\" title=\"Tratamientos\"  data-bgposition=\"center center\" data-bgfit=\"cover\" data-bgrepeat=\"no-repeat\" class=\"rev-slidebg\" data-no-retina>\n\t\t<!-- LAYERS -->\n\n\t\t<!-- LAYER NR. 3 -->\n\t\t<div class=\"tp-caption   tp-resizeme\" \n\t\t\t id=\"slide-29-layer-5\" \n\t\t\t data-x=\"-31\" \n\t\t\t data-y=\"-3\" \n\t\t\t\t\t\tdata-width=\"['none','none','none','none']\"\n\t\t\tdata-height=\"['none','none','none','none']\"\n \n\t\t\tdata-type=\"image\" \n\t\t\tdata-responsive_offset=\"on\" \n\n\t\t\tdata-frames='[{\"delay\":0,\"speed\":300,\"frame\":\"0\",\"from\":\"opacity:0;\",\"to\":\"o:1;\",\"ease\":\"Power3.easeInOut\"},{\"delay\":\"wait\",\"speed\":300,\"frame\":\"999\",\"to\":\"opacity:0;\",\"ease\":\"Power3.easeInOut\"}]'\n\t\t\tdata-textalign=\"['inherit','inherit','inherit','inherit']\"\n\t\t\tdata-paddingtop=\"[0,0,0,0]\"\n\t\t\tdata-paddingright=\"[0,0,0,0]\"\n\t\t\tdata-paddingbottom=\"[0,0,0,0]\"\n\t\t\tdata-paddingleft=\"[0,0,0,0]\"\n\n\t\t\tstyle=\"z-index: 5;\"><img loading=\"lazy\" decoding=\"async\" src=\"https:\/\/sonrisassanasnicaragua.com\/wp-content\/uploads\/2019\/04\/serv1.jpg\" alt=\"\" data-ww=\"1307px\" data-hh=\"871px\" width=\"1200\" height=\"800\" data-no-retina> <\/div>\n\t<\/li>\n<\/ul>\n<script>var htmlDiv = document.getElementById(\"rs-plugin-settings-inline-css\"); var htmlDivCss=\"\";\r\n\t\t\t\t\t\tif(htmlDiv) {\r\n\t\t\t\t\t\t\thtmlDiv.innerHTML = htmlDiv.innerHTML + htmlDivCss;\r\n\t\t\t\t\t\t}else{\r\n\t\t\t\t\t\t\tvar htmlDiv = document.createElement(\"div\");\r\n\t\t\t\t\t\t\thtmlDiv.innerHTML = \"<style>\" + htmlDivCss + \"<\/style>\";\r\n\t\t\t\t\t\t\tdocument.getElementsByTagName(\"head\")[0].appendChild(htmlDiv.childNodes[0]);\r\n\t\t\t\t\t\t}\r\n\t\t\t\t\t<\/script>\n<div class=\"tp-bannertimer tp-bottom\" style=\"visibility: hidden !important;\"><\/div>\t<\/div>\n<script>var htmlDiv = document.getElementById(\"rs-plugin-settings-inline-css\"); var htmlDivCss=\"\";\r\n\t\t\t\tif(htmlDiv) {\r\n\t\t\t\t\thtmlDiv.innerHTML = htmlDiv.innerHTML + htmlDivCss;\r\n\t\t\t\t}else{\r\n\t\t\t\t\tvar htmlDiv = document.createElement(\"div\");\r\n\t\t\t\t\thtmlDiv.innerHTML = \"<style>\" + htmlDivCss + \"<\/style>\";\r\n\t\t\t\t\tdocument.getElementsByTagName(\"head\")[0].appendChild(htmlDiv.childNodes[0]);\r\n\t\t\t\t}\r\n\t\t\t<\/script>\n\t\t<script type=\"text\/javascript\">\r\nif (setREVStartSize!==undefined) setREVStartSize(\r\n\t{c: '#rev_slider_4_1', gridwidth: [1240], gridheight: [868], sliderLayout: 'auto'});\r\n\t\t\t\r\nvar revapi4,\r\n\ttpj;\t\r\n(function() {\t\t\t\r\n\tif (!\/loaded|interactive|complete\/.test(document.readyState)) document.addEventListener(\"DOMContentLoaded\",onLoad); else onLoad();\t\r\n\tfunction onLoad() {\t\t\t\t\r\n\t\tif (tpj===undefined) { tpj = jQuery; if(\"off\" == \"on\") tpj.noConflict();}\r\n\tif(tpj(\"#rev_slider_4_1\").revolution == undefined){\n\t\trevslider_showDoubleJqueryError(\"#rev_slider_4_1\");\n\t}else{\n\t\trevapi4 = tpj(\"#rev_slider_4_1\").show().revolution({\n\t\t\tsliderType:\"carousel\",\n\t\t\tjsFileLocation:\"\/\/sonrisassanasnicaragua.com\/wp-content\/plugins\/revslider\/public\/assets\/js\/\",\n\t\t\tsliderLayout:\"auto\",\n\t\t\tdottedOverlay:\"none\",\n\t\t\tdelay:9000,\n\t\t\tnavigation: {\n\t\t\t\tkeyboardNavigation:\"off\",\n\t\t\t\tkeyboard_direction: \"horizontal\",\n\t\t\t\tmouseScrollNavigation:\"off\",\n \t\t\t\t\t\t\tmouseScrollReverse:\"default\",\n\t\t\t\tonHoverStop:\"off\",\n\t\t\t\tarrows: {\n\t\t\t\t\tstyle:\"hesperiden\",\n\t\t\t\t\tenable:true,\n\t\t\t\t\thide_onmobile:false,\n\t\t\t\t\thide_onleave:false,\n\t\t\t\t\ttmp:'',\n\t\t\t\t\tleft: {\n\t\t\t\t\t\th_align:\"left\",\n\t\t\t\t\t\tv_align:\"center\",\n\t\t\t\t\t\th_offset:20,\n\t\t\t\t\t\tv_offset:0\n\t\t\t\t\t},\n\t\t\t\t\tright: {\n\t\t\t\t\t\th_align:\"right\",\n\t\t\t\t\t\tv_align:\"center\",\n\t\t\t\t\t\th_offset:20,\n\t\t\t\t\t\tv_offset:0\n\t\t\t\t\t}\n\t\t\t\t}\n\t\t\t},\n\t\t\tcarousel: {\n\t\t\t\thorizontal_align: \"center\",\n\t\t\t\tvertical_align: \"center\",\n\t\t\t\tfadeout: \"on\",\n\t\t\t\tvary_fade: \"off\",\n\t\t\t\tmaxVisibleItems: 3,\n\t\t\t\tinfinity: \"off\",\n\t\t\t\tspace: 0,\n\t\t\t\tstretch: \"off\",\n \t\t\t\t\t\t\tshowLayersAllTime: \"off\",\n \t\t\t\t\t\t\teasing: \"Power3.easeInOut\",\n \t\t\t\t\t\t\tspeed: \"800\"\n\t\t\t},\n\t\t\tvisibilityLevels:[1240,1024,778,480],\n\t\t\tgridwidth:1240,\n\t\t\tgridheight:868,\n\t\t\tlazyType:\"none\",\n\t\t\tshadow:0,\n\t\t\tspinner:\"spinner0\",\n\t\t\tstopLoop:\"off\",\n\t\t\tstopAfterLoops:-1,\n\t\t\tstopAtSlide:-1,\n\t\t\tshuffle:\"off\",\n\t\t\tautoHeight:\"off\",\n\t\t\tdisableProgressBar:\"on\",\n\t\t\thideThumbsOnMobile:\"off\",\n\t\t\thideSliderAtLimit:0,\n\t\t\thideCaptionAtLimit:0,\n\t\t\thideAllCaptionAtLilmit:0,\n\t\t\tdebugMode:false,\n\t\t\tfallbacks: {\n\t\t\t\tsimplifyAll:\"off\",\n\t\t\t\tnextSlideOnWindowFocus:\"off\",\n\t\t\t\tdisableFocusListener:false,\n\t\t\t}\n\t\t});\n\t}; \/* END OF revapi call *\/\n\t\n }; \/* END OF ON LOAD FUNCTION *\/\r\n}()); \/* END OF WRAPPING FUNCTION *\/\r\n<\/script>\r\n\t\t<script>\r\n\t\t\t\t\tvar htmlDivCss = unescape(\".hesperiden.tparrows%20%7B%0A%09cursor%3Apointer%3B%0A%09background%3Argba%280%2C0%2C0%2C0.5%29%3B%0A%09width%3A40px%3B%0A%09height%3A40px%3B%0A%09position%3Aabsolute%3B%0A%09display%3Ablock%3B%0A%09z-index%3A100%3B%0A%20%20%20%20border-radius%3A%2050%25%3B%0A%7D%0A.hesperiden.tparrows%3Ahover%20%7B%0A%09background%3Argba%280%2C%200%2C%200%2C%201%29%3B%0A%7D%0A.hesperiden.tparrows%3Abefore%20%7B%0A%09font-family%3A%20%22revicons%22%3B%0A%09font-size%3A20px%3B%0A%09color%3Argb%28255%2C%20255%2C%20255%29%3B%0A%09display%3Ablock%3B%0A%09line-height%3A%2040px%3B%0A%09text-align%3A%20center%3B%0A%7D%0A.hesperiden.tparrows.tp-leftarrow%3Abefore%20%7B%0A%09content%3A%20%22%5Ce82c%22%3B%0A%20%20%20%20margin-left%3A-3px%3B%0A%7D%0A.hesperiden.tparrows.tp-rightarrow%3Abefore%20%7B%0A%09content%3A%20%22%5Ce82d%22%3B%0A%20%20%20%20margin-right%3A-3px%3B%0A%7D%0A\");\r\n\t\t\t\t\tvar htmlDiv = document.getElementById('rs-plugin-settings-inline-css');\r\n\t\t\t\t\tif(htmlDiv) {\r\n\t\t\t\t\t\thtmlDiv.innerHTML = htmlDiv.innerHTML + htmlDivCss;\r\n\t\t\t\t\t}\r\n\t\t\t\t\telse{\r\n\t\t\t\t\t\tvar htmlDiv = document.createElement('div');\r\n\t\t\t\t\t\thtmlDiv.innerHTML = '<style>' + htmlDivCss + '<\/style>';\r\n\t\t\t\t\t\tdocument.getElementsByTagName('head')[0].appendChild(htmlDiv.childNodes[0]);\r\n\t\t\t\t\t}\r\n\t\t\t\t  <\/script>\r\n\t\t\t\t<\/div><!-- END REVOLUTION SLIDER --><\/div><h5 class=\"sc_title sc_title_regular\" style=\"margin-top:1.5em;margin-bottom:0.2em;\">Our Philosophy<\/h5>\n\t<div class=\"wpb_text_column wpb_content_element\" >\n\t\t<div class=\"wpb_wrapper\">\n\t\t\t<p><span style=\"color: #000000;\">En Sonrisas Sanas brindamos un servicio personalizado, utilizando las \u00faltimas t\u00e9cnicas y equipos. Nuestros m\u00e9dicos son dentistas de primera clase cuyo objetivo es hacer que se sienta m\u00e1s saludable y feliz. Con gran cuidado y devoci\u00f3n, nuestro objetivo es brindarle una sonrisa hermosas. Haga clic en los tratamientos a la izquierda para obtener m\u00e1s informaci\u00f3n sobre los servicios que ofrecemos.<br \/>\n<\/span><\/p>\n\n\t\t<\/div>\n\t<\/div>\n<div class=\"sc_accordion sc_accordion_style_1\" style=\"margin-top:3em;\" data-active=\"0\" data-animation=\"animated fadeInUp normal\"><div class=\"sc_accordion_item odd first\"><h5 class=\"sc_accordion_title\"><span class=\"sc_accordion_icon sc_accordion_icon_closed icon-plus\"><\/span><span class=\"sc_accordion_icon sc_accordion_icon_opened icon-minus\"><\/span>Ortodoncia<span class=\"sc_accordion_closed\"><\/span><\/h5><div class=\"sc_accordion_content\">\n\t<div class=\"wpb_text_column wpb_content_element\" >\n\t\t<div class=\"wpb_wrapper\">\n\t\t\t<p><span style=\"color: #000000;\">Durante el diagn\u00f3stico y la planificaci\u00f3n del tratamiento, el ortodoncista debe definir la naturaleza del problema, dise\u00f1ar una estrategia de tratamiento basada en las necesidades y deseos espec\u00edficos del individuo y presentar la estrategia de tratamiento al paciente.<\/span><\/p>\n\n\t\t<\/div>\n\t<\/div>\n<\/div><\/div><div class=\"sc_accordion_item even\"><h5 class=\"sc_accordion_title\"><span class=\"sc_accordion_icon sc_accordion_icon_closed icon-plus\"><\/span><span class=\"sc_accordion_icon sc_accordion_icon_opened icon-minus\"><\/span>Periodoncia<span class=\"sc_accordion_closed\"><\/span><\/h5><div class=\"sc_accordion_content\">\n\t<div class=\"wpb_text_column wpb_content_element\" >\n\t\t<div class=\"wpb_wrapper\">\n\t\t\t<p><span style=\"color: #000000;\">Seg\u00fan la Academia Americana de Periodoncia, los periodoncistas son especialistas en la prevenci\u00f3n, el diagn\u00f3stico y el tratamiento de las enfermedades periodontales y la inflamaci\u00f3n oral, y en la colocaci\u00f3n y el mantenimiento de los implantes dentales.<\/span><\/p>\n\n\t\t<\/div>\n\t<\/div>\n<\/div><\/div><div class=\"sc_accordion_item odd\"><h5 class=\"sc_accordion_title\"><span class=\"sc_accordion_icon sc_accordion_icon_closed icon-plus\"><\/span><span class=\"sc_accordion_icon sc_accordion_icon_opened icon-minus\"><\/span>Cirug\u00eda Oral<span class=\"sc_accordion_closed\"><\/span><\/h5><div class=\"sc_accordion_content\">\n\t<div class=\"wpb_text_column wpb_content_element\" >\n\t\t<div class=\"wpb_wrapper\">\n\t\t\t<p><span style=\"color: #000000;\">An oral and maxillofacial surgeon is a specialist treating the entire craniomaxillofacial complex: the anatomical area of the mouth, jaws, face, skull, as well as associated structures. Maxillofacial surgeons may require training in dentistry, surgery, and general medicine.<\/span><\/p>\n\n\t\t<\/div>\n\t<\/div>\n<\/div><\/div><\/div>\n\t<div class=\"wpb_text_column wpb_content_element vc_custom_1555363157353\" >\n\t\t<div class=\"wpb_wrapper\">\n\t\t\t<p><span style=\"color: #000000;\">Los especialistas en estos campos incluyen ortodoncistas, cirujanos orales y maxilofaciales, endodoncistas, dentistas pedi\u00e1tricos, periodoncistas y prostodoncistas.\u00a0<\/span><\/p>\n\n\t\t<\/div>\n\t<\/div>\n<\/div><\/div><\/div><\/div>\n<\/div>","protected":false},"excerpt":{"rendered":"What we do Root Canal Professional Tooth Whitening Dental Implants Pediatric Dentistry Orthodontics Periodontics Oral and Maxillofacial Surgery Preventative Dentistry Restorative Dentistry Contacts Parque Dario 1C al Este, Matagalpa 505 2772 6169 Our Philosophy At Sonrisas Sanas we provide personalized service, using the latest tecniques and equipment. Our doctors are first-class dentists whose goal is [...]","protected":false},"author":1,"featured_media":0,"parent":0,"menu_order":0,"comment_status":"open","ping_status":"open","template":"","meta":{"_monsterinsights_skip_tracking":false,"_monsterinsights_sitenote_active":false,"_monsterinsights_sitenote_note":"","_monsterinsights_sitenote_category":0,"footnotes":""},"class_list":["post-791","page","type-page","status-publish","hentry"],"_links":{"self":[{"href":"https:\/\/sonrisassanasnicaragua.com\/es\/wp-json\/wp\/v2\/pages\/791","targetHints":{"allow":["GET"]}}],"collection":[{"href":"https:\/\/sonrisassanasnicaragua.com\/es\/wp-json\/wp\/v2\/pages"}],"about":[{"href":"https:\/\/sonrisassanasnicaragua.com\/es\/wp-json\/wp\/v2\/types\/page"}],"author":[{"embeddable":true,"href":"https:\/\/sonrisassanasnicaragua.com\/es\/wp-json\/wp\/v2\/users\/1"}],"replies":[{"embeddable":true,"href":"https:\/\/sonrisassanasnicaragua.com\/es\/wp-json\/wp\/v2\/comments?post=791"}],"version-history":[{"count":8,"href":"https:\/\/sonrisassanasnicaragua.com\/es\/wp-json\/wp\/v2\/pages\/791\/revisions"}],"predecessor-version":[{"id":2195,"href":"https:\/\/sonrisassanasnicaragua.com\/es\/wp-json\/wp\/v2\/pages\/791\/revisions\/2195"}],"wp:attachment":[{"href":"https:\/\/sonrisassanasnicaragua.com\/es\/wp-json\/wp\/v2\/media?parent=791"}],"curies":[{"name":"wp","href":"https:\/\/api.w.org\/{rel}","templated":true}]}}