{"id":88,"date":"2015-05-29T07:43:19","date_gmt":"2015-05-29T04:43:19","guid":{"rendered":"http:\/\/dev.sonrisassanasnicaragua.com\/?page_id=88"},"modified":"2019-04-13T19:56:11","modified_gmt":"2019-04-13T19:56:11","slug":"homepage","status":"publish","type":"page","link":"https:\/\/sonrisassanasnicaragua.com\/es\/","title":{"rendered":"Homepage"},"content":{"rendered":"<div class=\"wpb-content-wrapper\"><div class=\"sc_section\" style=\"margin-top:2.5em !important;\"><div class=\"sc_content content_wrap\"><div class=\"columns_wrap sc_columns columns_fluid sc_columns_count_3\"><div class=\"column-1_3 sc_column_item sc_column_item_1 sc_columns_is_hover_no odd first\"><figure class=\"sc_image  sc_image_shape_square\"><img decoding=\"async\" src=\"https:\/\/sonrisassanasnicaragua.com\/wp-content\/uploads\/2019\/04\/home_2_1.jpg\" alt=\"\" \/><\/figure><\/div><div class=\"column-2_3 sc_column_item sc_column_item_2 sc_columns_is_hover_no even span_2\"><div class=\"sc_section h2_block_margins\" style=\"line-height:1.765em !important;font-size:1.1333em; line-height: 1.3em;\"><h1 class=\"sc_title sc_title_regular sc_align_left\" style=\"margin-bottom:0.1em;text-align:left;font-weight:600;font-size:40px;\">Welcome to Sonrisas Sanas<\/h1>\n\t<div class=\"wpb_text_column wpb_content_element\" >\n\t\t<div class=\"wpb_wrapper\">\n\t\t\t<p>Le damos la m\u00e1s cordial bienvenida al website de Cl\u00ednica Dental Sonrisas Sanas, ubicada en Matagalpa, Nicaragua, con servicios variados de altos est\u00e1ndares y atenci\u00f3n al cliente. En nuestra cl\u00ednica usted siempre encontrar\u00e1 atenci\u00f3n personalizada de alta calidad, comodidad, y la garant\u00eda de que su visita siempre ser\u00e1 agradable.<\/p>\n<p>Por favor aproveche de nuestro website para descubrir mas sobre\u00a0<strong><a href=\"\/es\/about\/\">Nosotros<\/a>\u00a0<\/strong>y de los\u00a0<strong><a href=\"\/es\/services\/\">tratamientos\u00a0<\/a><\/strong>que brindamos. Y si usted tiene alguna pregunta, no dude en\u00a0<strong><a href=\"\/es\/contact\/\">contactar a nosotros<\/a>.<\/strong><\/p>\n\n\t\t<\/div>\n\t<\/div>\n<a href=\"\/es\/about\/our-office\/\" class=\"sc_button sc_button_square sc_button_style_filled sc_button_bg_link sc_button_size_medium\" style=\"font-size: 0.85em;margin-top:2em;margin-bottom:2em;border-style:solid;border-width: 0px;\">Leer mas<\/a><\/div><\/div><\/div><\/div><\/div><div class=\"vc_row wpb_row vc_row-fluid\"><div class=\"wpb_column vc_column_container vc_col-sm-12\"><div class=\"vc_column-inner\"><div class=\"wpb_wrapper\"><div class=\"sc_section vc_hidden-sm vc_hidden-xs\"><div class=\"sc_parallax bg_tint_light\" data-parallax-speed=\"0.3\" data-parallax-x-pos=\"50%\" data-parallax-y-pos=\"50%\"><div class=\"sc_parallax_content\" style=\"background-image:url(https:\/\/sonrisassanasnicaragua.com\/wp-content\/uploads\/2015\/05\/Par_11.jpg); background-position:50% 50%;\"><div class=\"sc_parallax_overlay\" style=\"background: -webkit-gradient(linear, left top, left bottom, color-stop(0%,#ffad26), color-stop(50%,#fea026), color-stop(51%,#ff8b00), color-stop(100%,#ff7701));background: -webkit-linear-gradient(top,  #ffad26 0%,#fea026 50%,#ff8b00 51%,#ff7701 100%);background: linear-gradient(to bottom, rgba(52, 184, 192, 0.9) 0%,rgba(111, 81, 199, 0.9) 100%);\" data-overlay=\"0.8\" data-bg_color=\"#d1d1d1\"><div class=\"sc_content content_wrap\"><h3 class=\"sc_title sc_title_regular sc_align_center\" style=\"margin-top:2.6em;margin-bottom:0.4em;text-align:center;color:#ffffff;font-weight:600;\">Que dicen nuestros pacientes<\/h3><div id=\"sc_testimonials_747698873\" class=\"sc_testimonials sc_slider_swiper swiper-slider-container sc_slider_nopagination sc_slider_controls sc_slider_height_auto aligncenter\" data-interval=\"8297\" style=\"margin-bottom:4em;width:100%;\"><div class=\"slides swiper-wrapper\"><div class=\"swiper-slide\" data-style=\"width:100%;\" style=\"width:100%;\"><div class=\"sc_testimonial_item\"><div class=\"sc_testimonial_content\">\n\t<div class=\"wpb_text_column wpb_content_element\" >\n\t\t<div class=\"wpb_wrapper\">\n\t\t\t<p style=\"text-align: center;\">Excelente comunicaci\u00f3n y atenci\u00f3n a sus pacientes! Dra. Jema fue amable, compasivo y se dedic\u00f3 a asegurarse de que yo estaba c\u00f3moda durante la extracci\u00f3n. Los precios son accesibles y la oficina es administrada profesionalmente y limpia.<\/p>\n\n\t\t<\/div>\n\t<\/div>\n<\/div><div class=\"sc_testimonial_author\"><a href=\"#\">Megan T.<\/a><\/div><\/div><\/div><div class=\"swiper-slide\" data-style=\"width:100%;\" style=\"width:100%;\"><div class=\"sc_testimonial_item\"><div class=\"sc_testimonial_content\">\n\t<div class=\"wpb_text_column wpb_content_element\" >\n\t\t<div class=\"wpb_wrapper\">\n\t\t\t<p>Felicito a todo el personal que labora en la clinica, los doctores excelente atenci\u00f3n. No puede caer en mejores manos GRACIAS Clinica Dental Sonrisas Sanas por su increible atencion<\/p>\n\n\t\t<\/div>\n\t<\/div>\n<\/div><div class=\"sc_testimonial_author\"><a href=\"#\">Jay S.<\/a><\/div><\/div><\/div><div class=\"swiper-slide\" data-style=\"width:100%;\" style=\"width:100%;\"><div class=\"sc_testimonial_item\"><div class=\"sc_testimonial_content\">\n\t<div class=\"wpb_text_column wpb_content_element\" >\n\t\t<div class=\"wpb_wrapper\">\n\t\t\t<p>Excelente atenci\u00f3n la verdad quede encantada con la cl\u00ednica la mejor de matagalpa calidad de trabajo se las recomiendo<\/p>\n\n\t\t<\/div>\n\t<\/div>\n<\/div><div class=\"sc_testimonial_author\"><a href=\"#\">Alicia S.<\/a><\/div><\/div><\/div><\/div><div class=\"sc_slider_controls_wrap\"><a class=\"sc_slider_prev\" href=\"#\"><\/a><a class=\"sc_slider_next\" href=\"#\"><\/a><\/div><\/div><\/div><\/div><\/div><\/div><\/div><div class=\"sc_section\" style=\"background-color:#ffffff;\"><div class=\"sc_section_overlay\" style=\"\"><div class=\"sc_section_content\"><div class=\"sc_content content_wrap\"><h3 class=\"sc_title sc_title_regular sc_align_center\" style=\"margin-top:2em;margin-bottom:1.5em;text-align:center;\">Nuestros servicios<\/h3>\n\t<div class=\"wpb_raw_code wpb_raw_html wpb_content_element\" >\n\t\t<div class=\"wpb_wrapper\">\n\t\t\t<div class='white' style='background:#fafafa; border:solid 1px #f0f0f0; border-radius:5px; padding:8px 8px 8px 8px;'>\n<div id='sample_slider' class='owl-carousel sa_owl_theme owl-pagination-true autohide-arrows' data-slider-id='sample_slider' style='visibility:hidden;'>\n<div id='sample_slider_slide02' class='sa_hover_container' style='padding:5% 5%; margin:0px 0%; background-color:rgb(255, 255, 255); min-height:50px; '><p><a href=\"\/es\/treatments-pediatric-dentistry\/\"><img loading=\"lazy\" decoding=\"async\" class=\"alignnone wp-image-1833 size-full\" src=\"https:\/\/sonrisassanasnicaragua.com\/wp-content\/uploads\/2019\/04\/2.jpg\" alt=\"\" width=\"200\" height=\"140\" \/><\/a><\/p>\r\n<p style=\"text-align: center;\">Odontopediatr\u00eda<\/p><\/div>\n<div id='sample_slider_slide07' class='sa_hover_container' style='padding:5% 5%; margin:0px 0%; background-color:rgb(255, 255, 255); min-height:50px; '><p><a href=\"\/es\/treatments-dental-implants\/\"><img loading=\"lazy\" decoding=\"async\" class=\"alignnone wp-image-1838 size-full\" src=\"https:\/\/sonrisassanasnicaragua.com\/wp-content\/uploads\/2019\/04\/7.jpg\" alt=\"\" width=\"200\" height=\"140\" \/><\/a><\/p>\r\n<p style=\"text-align: center;\">Implantes Dentales<\/p><\/div>\n<div id='sample_slider_slide04' class='sa_hover_container' style='padding:5% 5%; margin:0px 0%; background-color:rgb(255, 255, 255); min-height:50px; '><p><a href=\"\/es\/treatments-orthodontics\/\"><img loading=\"lazy\" decoding=\"async\" class=\"alignnone wp-image-1835 size-full\" src=\"https:\/\/sonrisassanasnicaragua.com\/wp-content\/uploads\/2019\/04\/4.jpg\" alt=\"\" width=\"200\" height=\"140\" \/><\/a><\/p>\r\n<p style=\"text-align: center;\">Ortodoncia<\/p><\/div>\n<div id='sample_slider_slide08' class='sa_hover_container' style='padding:5% 5%; margin:0px 0%; background-color:rgb(255, 255, 255); min-height:50px; '><p><a href=\"\/es\/treatments-periodontics\/\"><img loading=\"lazy\" decoding=\"async\" class=\"alignnone wp-image-1839 size-full\" src=\"https:\/\/sonrisassanasnicaragua.com\/wp-content\/uploads\/2019\/04\/8.jpg\" alt=\"\" width=\"200\" height=\"140\" \/><\/a><\/p>\r\n<p style=\"text-align: center;\">Periodoncia<\/p><\/div>\n<div id='sample_slider_slide09' class='sa_hover_container' style='padding:5% 5%; margin:0px 0%; background-color:rgb(255, 255, 255); min-height:50px; '><p><a href=\"\/es\/treatments-preventative-dentistry\/\"><img loading=\"lazy\" decoding=\"async\" class=\"alignnone wp-image-1840 size-full\" src=\"https:\/\/sonrisassanasnicaragua.com\/wp-content\/uploads\/2019\/04\/9.jpg\" alt=\"\" width=\"200\" height=\"140\" \/><\/a><\/p>\r\n<div>\r\n<div class=\"sets\">\r\n<p style=\"text-align: center;\">Prevenci\u00f3n en Salud Bucal<\/p>\r\n<\/div>\r\n<\/div><\/div>\n<div id='sample_slider_slide05' class='sa_hover_container' style='padding:5% 5%; margin:0px 0%; background-color:rgb(255, 255, 255); min-height:50px; '><p><a href=\"\/es\/treatments-professional-tooth-whitening\/\"><img loading=\"lazy\" decoding=\"async\" class=\"alignnone wp-image-1836 size-full\" src=\"https:\/\/sonrisassanasnicaragua.com\/wp-content\/uploads\/2019\/04\/5.jpg\" alt=\"\" width=\"200\" height=\"140\" \/><\/a><\/p>\r\n<p style=\"text-align: center;\">Blanqueamiento Dental<\/p><\/div>\n<div id='sample_slider_slide01' class='sa_hover_container' style='padding:5% 5%; margin:0px 0%; background-color:rgb(255, 255, 255); min-height:50px; '><p><a href=\"\/es\/treatments-root-canal\/\"><img loading=\"lazy\" decoding=\"async\" class=\"alignnone wp-image-1829 size-full\" src=\"https:\/\/sonrisassanasnicaragua.com\/wp-content\/uploads\/2015\/05\/1.jpg\" alt=\"\" width=\"200\" height=\"140\" \/><\/a><\/p>\r\n<p style=\"text-align: center;\">Endodoncia<\/p><\/div>\n<div id='sample_slider_slide03' class='sa_hover_container' style='padding:5% 5%; margin:0px 0%; background-color:rgb(255, 255, 255); min-height:50px; '><p><a href=\"\/es\/restorative-dentistry\/\"><img loading=\"lazy\" decoding=\"async\" class=\"alignnone wp-image-1834 size-full\" src=\"https:\/\/sonrisassanasnicaragua.com\/wp-content\/uploads\/2019\/04\/3.jpg\" alt=\"\" width=\"200\" height=\"140\" \/><\/a><\/p>\r\n<p style=\"text-align: center;\">Rehabilitaci\u00f3n Oral<\/p><\/div>\n<div id='sample_slider_slide06' class='sa_hover_container' style='padding:5% 5%; margin:0px 0%; background-color:rgb(255, 255, 255); min-height:50px; '><p><a href=\"\/es\/treatments-oral-and-maxillofacial-surgery\/\"><img loading=\"lazy\" decoding=\"async\" class=\"alignnone wp-image-1837 size-full\" src=\"https:\/\/sonrisassanasnicaragua.com\/wp-content\/uploads\/2019\/04\/6.jpg\" alt=\"\" width=\"200\" height=\"140\" \/><\/a><\/p>\r\n<p style=\"text-align: center;\">Cirug\u00eda Oral y Maxilofacial<\/p><\/div>\n<\/div>\n<\/div>\n<script type='text\/javascript'>\n\tjQuery(document).ready(function() {\n\t\tjQuery('#sample_slider').owlCarousel({\n\t\t\tresponsive:{\n\t\t\t\t0:{ items:1 },\n\t\t\t\t480:{ items:2 },\n\t\t\t\t768:{ items:3 },\n\t\t\t\t980:{ items:5 },\n\t\t\t\t1200:{ items:5 },\n\t\t\t\t1500:{ items:5 }\n\t\t\t},\n\t\t\tautoplay : true,\n\t\t\tautoplayTimeout : 4000,\n\t\t\tautoplayHoverPause : true,\n\t\t\tsmartSpeed : 300,\n\t\t\tfluidSpeed : 300,\n\t\t\tautoplaySpeed : 300,\n\t\t\tnavSpeed : 300,\n\t\t\tdotsSpeed : 300,\n\t\t\tloop : true,\n\t\t\tnav : true,\n\t\t\tnavText : ['Previous','Next'],\n\t\t\tdots : true,\n\t\t\tresponsiveRefreshRate : 200,\n\t\t\tslideBy : 1,\n\t\t\tmergeFit : true,\n\t\t\tautoHeight : false,\n\t\t\tmouseDrag : false,\n\t\t\ttouchDrag : true\n\t\t});\n\t\tjQuery('#sample_slider').css('visibility', 'visible');\n\t\tvar owl_goto = jQuery('#sample_slider');\n\t\tjQuery('.sample_slider_goto1').click(function(event){\n\t\t\towl_goto.trigger('to.owl.carousel', 0);\n\t\t});\n\t\tjQuery('.sample_slider_goto2').click(function(event){\n\t\t\towl_goto.trigger('to.owl.carousel', 1);\n\t\t});\n\t\tjQuery('.sample_slider_goto3').click(function(event){\n\t\t\towl_goto.trigger('to.owl.carousel', 2);\n\t\t});\n\t\tjQuery('.sample_slider_goto4').click(function(event){\n\t\t\towl_goto.trigger('to.owl.carousel', 3);\n\t\t});\n\t\tjQuery('.sample_slider_goto5').click(function(event){\n\t\t\towl_goto.trigger('to.owl.carousel', 4);\n\t\t});\n\t\tjQuery('.sample_slider_goto6').click(function(event){\n\t\t\towl_goto.trigger('to.owl.carousel', 5);\n\t\t});\n\t\tjQuery('.sample_slider_goto7').click(function(event){\n\t\t\towl_goto.trigger('to.owl.carousel', 6);\n\t\t});\n\t\tjQuery('.sample_slider_goto8').click(function(event){\n\t\t\towl_goto.trigger('to.owl.carousel', 7);\n\t\t});\n\t\tjQuery('.sample_slider_goto9').click(function(event){\n\t\t\towl_goto.trigger('to.owl.carousel', 8);\n\t\t});\n\t\tvar resize_1832 = jQuery('.owl-carousel');\n\t\tresize_1832.on('initialized.owl.carousel', function(e) {\n\t\t\tif (typeof(Event) === 'function') {\n\t\t\t\twindow.dispatchEvent(new Event('resize'));\n\t\t\t} else {\n\t\t\t\tvar evt = window.document.createEvent('UIEvents');\n\t\t\t\tevt.initUIEvent('resize', true, false, window, 0);\n\t\t\t\twindow.dispatchEvent(evt);\n\t\t\t}\n\t\t});\n\t});\n<\/script>\n\n\t\t<\/div>\n\t<\/div>\n<\/div><\/div><\/div><\/div><\/div><\/div><\/div><\/div><div class=\"vc_row wpb_row vc_row-fluid\"><div class=\"wpb_column vc_column_container vc_col-sm-12\"><div class=\"vc_column-inner\"><div class=\"wpb_wrapper\"><div class=\"sc_section\"><div class=\"sc_parallax bg_tint_light\" data-parallax-speed=\"0.3\" data-parallax-x-pos=\"50%\" data-parallax-y-pos=\"50%\"><div class=\"sc_parallax_content\" style=\"background-image:url(https:\/\/sonrisassanasnicaragua.com\/wp-content\/uploads\/2019\/04\/Par_11.jpg); background-position:50% 50%;\"><div class=\"sc_parallax_overlay\" style=\"background: -webkit-gradient(linear, left top, left bottom, color-stop(0%,#ffad26), color-stop(50%,#fea026), color-stop(51%,#ff8b00), color-stop(100%,#ff7701));background: -webkit-linear-gradient(top,  #ffad26 0%,#fea026 50%,#ff8b00 51%,#ff7701 100%);background: linear-gradient(to bottom, rgba(52, 184, 192, 0.9) 0%,rgba(111, 81, 199, 0.9) 100%);\" data-overlay=\"0.9\" data-bg_color=\"\"><div class=\"sc_content content_wrap\"><div class=\"columns_wrap sc_columns columns_nofluid sc_columns_count_2\" style=\"margin-top:4em;margin-bottom:2.5em;\"><div class=\"column-1_2 sc_column_item sc_column_item_1 sc_columns_is_hover_no odd first\"><video class=\"sc_video\" src=\"https:\/\/youtube.com\/embed\/Rdqpoi_RPRs\" width=\"100%\" height=\"\" data-width=\"100%\" data-height=\"\" data-ratio=\"16:9\" poster=\"http:\/\/i1.ytimg.com\/vi\/Rdqpoi_RPRs\/maxresdefault.jpg\" data-image=\"http:\/\/i1.ytimg.com\/vi\/Rdqpoi_RPRs\/maxresdefault.jpg\" style=\"width:100%;\" autoplay=\"autoplay\" controls=\"controls\" loop=\"loop\"><\/video><\/div><div class=\"column-1_2 sc_column_item sc_column_item_2 sc_columns_is_hover_no h2_no_padding even\" style=\"color:#ffffff;\"><h1 class=\"sc_title sc_title_regular sc_align_left\" style=\"line-height: 1.125em;margin-left:2.4em;text-align:left;color:#ffffff;font-weight:600;font-size:40px;\">Your comfort is our priority<\/h1>\n\t<div class=\"wpb_text_column wpb_content_element h2_tb\" >\n\t\t<div class=\"wpb_wrapper\">\n\t\t\t<p>Nos enorgullecemos de poder brindar atenci\u00f3n dental conveniente, accesible y excepcional. Nuestra oficina est\u00e1 equipada con lo \u00faltimo en tecnolog\u00eda de punta para brindar a nuestros pacientes el mejor servicio dental mientras disfrutan de las comodidades y conveniencias de nuestras lujosas instalaciones.<\/p>\n\n\t\t<\/div>\n\t<\/div>\n<a href=\"\/es\/about\/\" class=\"sc_button sc_button_square sc_button_style_filled sc_button_bg_link sc_button_size_medium\" style=\"margin-top:4em;margin-left:7em;border-style:solid;border-width: 0px;\">Leer mas<\/a><\/div><\/div><\/div><\/div><\/div><\/div><\/div><\/div><\/div><\/div><\/div><div class=\"vc_row wpb_row vc_row-fluid\"><div class=\"wpb_column vc_column_container vc_col-sm-12\"><div class=\"vc_column-inner\"><div class=\"wpb_wrapper\"><div class=\"sc_section\"><div class=\"sc_parallax bg_tint_light\" data-parallax-speed=\"0.3\" data-parallax-x-pos=\"50%\" data-parallax-y-pos=\"50%\"><div class=\"sc_parallax_content\" style=\"background-image:url(https:\/\/sonrisassanasnicaragua.com\/wp-content\/uploads\/2015\/05\/Home_1_Poly.jpg); background-position:50% 50%;\"><div class=\"sc_parallax_overlay\" style=\"background: -webkit-gradient(linear, left top, left bottom, color-stop(0%,#ffad26), color-stop(50%,#fea026), color-stop(51%,#ff8b00), color-stop(100%,#ff7701));background: -webkit-linear-gradient(top,  #ffad26 0%,#fea026 50%,#ff8b00 51%,#ff7701 100%);background: linear-gradient(to bottom, rgba(52, 184, 192, 0.9) 0%,rgba(111, 81, 199, 0.9) 100%);\" data-overlay=\"0.9\" data-bg_color=\"\"><div class=\"sc_content content_wrap\"><h3 class=\"sc_title sc_title_regular sc_align_center\" style=\"margin-top:2em;margin-bottom:1.6em;text-align:center;color:#ffffff;font-weight:600;\">Cont\u00e1ctenos para una consulta gratis<\/h3>\n<div class=\"wpcf7 no-js\" id=\"wpcf7-f1801-o1\" lang=\"en-US\" dir=\"ltr\">\n<div class=\"screen-reader-response\"><p role=\"status\" aria-live=\"polite\" aria-atomic=\"true\"><\/p> <ul><\/ul><\/div>\n<form action=\"\/es\/wp-json\/wp\/v2\/pages\/88#wpcf7-f1801-o1\" method=\"post\" class=\"wpcf7-form init\" aria-label=\"Contact form\" novalidate=\"novalidate\" data-status=\"init\" data-trp-original-action=\"\/es\/wp-json\/wp\/v2\/pages\/88#wpcf7-f1801-o1\">\n<div style=\"display: none;\">\n<input type=\"hidden\" name=\"_wpcf7\" value=\"1801\" \/>\n<input type=\"hidden\" name=\"_wpcf7_version\" value=\"5.9.5\" \/>\n<input type=\"hidden\" name=\"_wpcf7_locale\" value=\"en_US\" \/>\n<input type=\"hidden\" name=\"_wpcf7_unit_tag\" value=\"wpcf7-f1801-o1\" \/>\n<input type=\"hidden\" name=\"_wpcf7_container_post\" value=\"0\" \/>\n<input type=\"hidden\" name=\"_wpcf7_posted_data_hash\" value=\"\" \/>\n<input type=\"hidden\" name=\"_wpcf7_recaptcha_response\" value=\"\" \/>\n<\/div>\n<div class=\"sc_contact_form_info sc_columns columns_wrap\">\n\t<div class=\"column-1_2 sc_column_item sc_column_item_1\">\n\t\t<div class=\"sc_contact_form_item sc_contact_form_field label_over\">\n\t\t\t<p><span class=\"wpcf7-form-control-wrap\" data-name=\"your-name\"><input size=\"40\" class=\"wpcf7-form-control wpcf7-text wpcf7-validates-as-required\" aria-required=\"true\" aria-invalid=\"false\" placeholder=\"Nombre\" value=\"\" type=\"text\" name=\"your-name\" \/><\/span>\n\t\t\t<\/p>\n\t\t<\/div>\n\t\t<div class=\"sc_contact_form_item sc_contact_form_field label_over\">\n\t\t\t<p><span class=\"wpcf7-form-control-wrap\" data-name=\"your-lastname\"><input size=\"40\" class=\"wpcf7-form-control wpcf7-text wpcf7-validates-as-required\" aria-required=\"true\" aria-invalid=\"false\" placeholder=\"Apellido\" value=\"\" type=\"text\" name=\"your-lastname\" \/><\/span>\n\t\t\t<\/p>\n\t\t<\/div>\n\t\t<div class=\"sc_contact_form_item sc_contact_form_field label_over\">\n\t\t\t<p><span class=\"wpcf7-form-control-wrap\" data-name=\"your-message\"><textarea cols=\"40\" rows=\"10\" class=\"wpcf7-form-control wpcf7-textarea wpcf7-validates-as-required\" aria-required=\"true\" aria-invalid=\"false\" placeholder=\"Mensaje\" name=\"your-message\"><\/textarea><\/span>\n\t\t\t<\/p>\n\t\t<\/div>\n\t<\/div>\n\t<div class=\"column-1_2 sc_column_item sc_column_item_2\">\n\t\t<div class=\"sc_contact_form_item sc_contact_form_field label_over\">\n\t\t\t<p><span class=\"wpcf7-form-control-wrap\" data-name=\"your-email\"><input size=\"40\" class=\"wpcf7-form-control wpcf7-text wpcf7-validates-as-required\" aria-required=\"true\" aria-invalid=\"false\" placeholder=\"Correo electronico\" value=\"\" type=\"text\" name=\"your-email\" \/><\/span>\n\t\t\t<\/p>\n\t\t<\/div>\n\t\t<div class=\"sc_contact_form_item sc_contact_form_field label_over\">\n\t\t\t<p><span class=\"wpcf7-form-control-wrap\" data-name=\"tel-747\"><input size=\"40\" class=\"wpcf7-form-control wpcf7-tel wpcf7-text wpcf7-validates-as-tel\" aria-invalid=\"false\" placeholder=\"Phone\" value=\"\" type=\"tel\" name=\"tel-747\" \/><\/span>\n\t\t\t<\/p>\n\t\t<\/div>\n\t\t<div class=\"sc_contact_form_item sc_contact_form_field label_over\">\n\t\t\t<p><span class=\"wpcf7-form-control-wrap\" data-name=\"text-10\"><input size=\"40\" class=\"wpcf7-form-control wpcf7-text\" aria-invalid=\"false\" placeholder=\"Estoy interesado en\" value=\"\" type=\"text\" name=\"text-10\" \/><\/span>\n\t\t\t<\/p>\n\t\t<\/div>\n\t\t<p><span class=\"wpcf7-form-control-wrap\" data-name=\"acceptance-157\"><span class=\"wpcf7-form-control wpcf7-acceptance\"><span class=\"wpcf7-list-item\"><label><input type=\"checkbox\" name=\"acceptance-157\" value=\"1\" aria-invalid=\"false\" \/><span class=\"wpcf7-list-item-label\">Estoy de acuerdo con los terminos<\/span><\/label><\/span><\/span><\/span><br \/>\n<input class=\"wpcf7-form-control wpcf7-submit has-spinner\" type=\"submit\" value=\"Enviar\" \/>\n\t\t<\/p>\n\t<\/div>\n<\/div><div class=\"wpcf7-response-output\" aria-hidden=\"true\"><\/div>\n<input type=\"hidden\" name=\"trp-form-language\" value=\"es\"\/><\/form>\n<\/div>\n<\/div><\/div><\/div><\/div><\/div><\/div><\/div><\/div><\/div><div class=\"vc_row wpb_row vc_row-fluid\"><div class=\"wpb_column vc_column_container vc_col-sm-12\"><div class=\"vc_column-inner\"><div class=\"wpb_wrapper\"><div  class=\"sc_googlemap\"  style=\"width:100%;height:540px;\"> <iframe src=\"https:\/\/maps.google.com\/maps?t=m&output=embed&iwloc=near&z=8&q=Cl%C3%ADnica+Dental+Sonrisas+Sanas@12.922069,-85.918944\" aria-label=\"Cl\u00ednica Dental Sonrisas Sanas\"><\/iframe><\/div><\/div><\/div><\/div><\/div><div class=\"vc_row wpb_row vc_row-fluid\"><div class=\"wpb_column vc_column_container vc_col-sm-12\"><div class=\"vc_column-inner\"><div class=\"wpb_wrapper\">\n\t<div class=\"wpb_text_column wpb_content_element\" >\n\t\t<div class=\"wpb_wrapper\">\n\t\t\t<p>&nbsp;<\/p>\n<p>&nbsp;<\/p>\n\n\t\t<\/div>\n\t<\/div>\n<\/div><\/div><\/div><\/div>\n<\/div>","protected":false},"excerpt":{"rendered":"Welcome to Sonrisas Sanas We welcome you to Dental Clinic Sonrisas Sanas, located in Matagalpa, Nicaragua. In our clinic you'll always find high quality, comfortable and personalized service and our guarantee that your visit will always be pleasant. Please browse our website to learn more\u00a0About Us\u00a0and the\u00a0Treatments\u00a0we provide. And if you have any questions don't [...]","protected":false},"author":1,"featured_media":0,"parent":0,"menu_order":0,"comment_status":"open","ping_status":"closed","template":"","meta":{"_monsterinsights_skip_tracking":false,"_monsterinsights_sitenote_active":false,"_monsterinsights_sitenote_note":"","_monsterinsights_sitenote_category":0,"footnotes":""},"class_list":["post-88","page","type-page","status-publish","hentry"],"_links":{"self":[{"href":"https:\/\/sonrisassanasnicaragua.com\/es\/wp-json\/wp\/v2\/pages\/88","targetHints":{"allow":["GET"]}}],"collection":[{"href":"https:\/\/sonrisassanasnicaragua.com\/es\/wp-json\/wp\/v2\/pages"}],"about":[{"href":"https:\/\/sonrisassanasnicaragua.com\/es\/wp-json\/wp\/v2\/types\/page"}],"author":[{"embeddable":true,"href":"https:\/\/sonrisassanasnicaragua.com\/es\/wp-json\/wp\/v2\/users\/1"}],"replies":[{"embeddable":true,"href":"https:\/\/sonrisassanasnicaragua.com\/es\/wp-json\/wp\/v2\/comments?post=88"}],"version-history":[{"count":28,"href":"https:\/\/sonrisassanasnicaragua.com\/es\/wp-json\/wp\/v2\/pages\/88\/revisions"}],"predecessor-version":[{"id":2187,"href":"https:\/\/sonrisassanasnicaragua.com\/es\/wp-json\/wp\/v2\/pages\/88\/revisions\/2187"}],"wp:attachment":[{"href":"https:\/\/sonrisassanasnicaragua.com\/es\/wp-json\/wp\/v2\/media?parent=88"}],"curies":[{"name":"wp","href":"https:\/\/api.w.org\/{rel}","templated":true}]}}